{"id":8301,"date":"2023-07-19T11:16:19","date_gmt":"2023-07-19T14:16:19","guid":{"rendered":"https:\/\/bonottoconsultoria.com.br\/?page_id=8301"},"modified":"2023-11-01T11:50:52","modified_gmt":"2023-11-01T14:50:52","slug":"assessoria-completa-2","status":"publish","type":"page","link":"https:\/\/bonottoconsultoria.com.br\/index.php\/assessoria-completa-2\/","title":{"rendered":"Assessoria Completa"},"content":{"rendered":"\t\t<div data-elementor-type=\"wp-page\" data-elementor-id=\"8301\" class=\"elementor elementor-8301\" data-elementor-post-type=\"page\">\n\t\t\t\t<div class=\"elementor-element elementor-element-3236fa9 e-flex e-con-boxed e-con e-parent\" data-id=\"3236fa9\" data-element_type=\"container\" data-settings=\"{&quot;background_background&quot;:&quot;classic&quot;}\">\n\t\t\t\t\t<div class=\"e-con-inner\">\n\t\t<div class=\"elementor-element elementor-element-6ecf290 e-flex e-con-boxed e-con e-child\" data-id=\"6ecf290\" data-element_type=\"container\">\n\t\t\t\t\t<div class=\"e-con-inner\">\n\t\t\t\t<div class=\"elementor-element elementor-element-abe0d70 elementor-widget elementor-widget-heading\" data-id=\"abe0d70\" data-element_type=\"widget\" data-widget_type=\"heading.default\">\n\t\t\t\t<div class=\"elementor-widget-container\">\n\t\t\t<style>\/*! elementor - v3.21.0 - 26-05-2024 *\/\n.elementor-heading-title{padding:0;margin:0;line-height:1}.elementor-widget-heading .elementor-heading-title[class*=elementor-size-]>a{color:inherit;font-size:inherit;line-height:inherit}.elementor-widget-heading .elementor-heading-title.elementor-size-small{font-size:15px}.elementor-widget-heading .elementor-heading-title.elementor-size-medium{font-size:19px}.elementor-widget-heading .elementor-heading-title.elementor-size-large{font-size:29px}.elementor-widget-heading .elementor-heading-title.elementor-size-xl{font-size:39px}.elementor-widget-heading .elementor-heading-title.elementor-size-xxl{font-size:59px}<\/style><h1 class=\"elementor-heading-title elementor-size-default\">ASSESSORIA COMPLETA<\/h1>\t\t<\/div>\n\t\t\t\t<\/div>\n\t\t\t\t\t<\/div>\n\t\t\t\t<\/div>\n\t\t\t\t\t<\/div>\n\t\t\t\t<\/div>\n\t\t<div class=\"elementor-element elementor-element-e213e34 e-flex e-con-boxed e-con e-parent\" data-id=\"e213e34\" data-element_type=\"container\">\n\t\t\t\t\t<div class=\"e-con-inner\">\n\t\t<div class=\"elementor-element elementor-element-d2871d6 e-con-full e-flex e-con e-child\" data-id=\"d2871d6\" data-element_type=\"container\">\n\t\t\t\t<div class=\"elementor-element elementor-element-a616d3e elementor-widget elementor-widget-heading\" data-id=\"a616d3e\" data-element_type=\"widget\" data-widget_type=\"heading.default\">\n\t\t\t\t<div class=\"elementor-widget-container\">\n\t\t\t<h2 class=\"elementor-heading-title elementor-size-default\">TODAS AS ETAPAS NECESS\u00c1RIAS PARA A OBTEN\u00c7\u00c3O DOS DOCUMENTOS<\/h2>\t\t<\/div>\n\t\t\t\t<\/div>\n\t\t\t\t<div class=\"elementor-element elementor-element-249d114 elementor-widget elementor-widget-heading\" data-id=\"249d114\" data-element_type=\"widget\" data-widget_type=\"heading.default\">\n\t\t\t\t<div class=\"elementor-widget-container\">\n\t\t\t<h2 class=\"elementor-heading-title elementor-size-default\">PODER\u00c3O SER FEITAS PELO NOSSO ESCRIT\u00d3RIO.<\/h2>\t\t<\/div>\n\t\t\t\t<\/div>\n\t\t\t\t<\/div>\n\t\t<div class=\"elementor-element elementor-element-237e8c2 e-con-full e-flex e-con e-child\" data-id=\"237e8c2\" data-element_type=\"container\">\n\t\t\t\t<div class=\"elementor-element elementor-element-56db44d elementor-widget elementor-widget-image\" data-id=\"56db44d\" data-element_type=\"widget\" data-widget_type=\"image.default\">\n\t\t\t\t<div class=\"elementor-widget-container\">\n\t\t\t<style>\/*! elementor - v3.21.0 - 26-05-2024 *\/\n.elementor-widget-image{text-align:center}.elementor-widget-image a{display:inline-block}.elementor-widget-image a img[src$=\".svg\"]{width:48px}.elementor-widget-image img{vertical-align:middle;display:inline-block}<\/style>\t\t\t\t\t\t\t\t\t\t<img fetchpriority=\"high\" decoding=\"async\" width=\"800\" height=\"450\" src=\"https:\/\/bonottoconsultoria.com.br\/wp-content\/uploads\/2023\/09\/CHAMADA-PARA-ACAO-9-1024x576.jpg\" class=\"attachment-large size-large wp-image-12462\" alt=\"\" srcset=\"https:\/\/bonottoconsultoria.com.br\/wp-content\/uploads\/2023\/09\/CHAMADA-PARA-ACAO-9-1024x576.jpg 1024w, https:\/\/bonottoconsultoria.com.br\/wp-content\/uploads\/2023\/09\/CHAMADA-PARA-ACAO-9-300x169.jpg 300w, https:\/\/bonottoconsultoria.com.br\/wp-content\/uploads\/2023\/09\/CHAMADA-PARA-ACAO-9-768x432.jpg 768w, https:\/\/bonottoconsultoria.com.br\/wp-content\/uploads\/2023\/09\/CHAMADA-PARA-ACAO-9-1536x864.jpg 1536w, https:\/\/bonottoconsultoria.com.br\/wp-content\/uploads\/2023\/09\/CHAMADA-PARA-ACAO-9.jpg 1920w\" sizes=\"(max-width: 800px) 100vw, 800px\" \/>\t\t\t\t\t\t\t\t\t\t\t\t\t<\/div>\n\t\t\t\t<\/div>\n\t\t\t\t<\/div>\n\t\t\t\t\t<\/div>\n\t\t\t\t<\/div>\n\t\t<div class=\"elementor-element elementor-element-b55a3cf e-flex e-con-boxed e-con e-parent\" data-id=\"b55a3cf\" data-element_type=\"container\">\n\t\t\t\t\t<div class=\"e-con-inner\">\n\t\t<div class=\"elementor-element elementor-element-9a3e553 e-con-full e-flex e-con e-child\" data-id=\"9a3e553\" data-element_type=\"container\">\n\t\t\t\t<div class=\"elementor-element elementor-element-7bb406a elementor-widget elementor-widget-image\" data-id=\"7bb406a\" data-element_type=\"widget\" data-widget_type=\"image.default\">\n\t\t\t\t<div class=\"elementor-widget-container\">\n\t\t\t\t\t\t\t\t\t\t\t\t\t<img decoding=\"async\" width=\"800\" height=\"450\" src=\"https:\/\/bonottoconsultoria.com.br\/wp-content\/uploads\/2023\/09\/CHAMADA-PARA-ACAO-10-1024x576.jpg\" class=\"attachment-large size-large wp-image-12478\" alt=\"\" srcset=\"https:\/\/bonottoconsultoria.com.br\/wp-content\/uploads\/2023\/09\/CHAMADA-PARA-ACAO-10-1024x576.jpg 1024w, https:\/\/bonottoconsultoria.com.br\/wp-content\/uploads\/2023\/09\/CHAMADA-PARA-ACAO-10-300x169.jpg 300w, https:\/\/bonottoconsultoria.com.br\/wp-content\/uploads\/2023\/09\/CHAMADA-PARA-ACAO-10-768x432.jpg 768w, https:\/\/bonottoconsultoria.com.br\/wp-content\/uploads\/2023\/09\/CHAMADA-PARA-ACAO-10-1536x864.jpg 1536w, https:\/\/bonottoconsultoria.com.br\/wp-content\/uploads\/2023\/09\/CHAMADA-PARA-ACAO-10.jpg 1920w\" sizes=\"(max-width: 800px) 100vw, 800px\" \/>\t\t\t\t\t\t\t\t\t\t\t\t\t<\/div>\n\t\t\t\t<\/div>\n\t\t\t\t<\/div>\n\t\t<div class=\"elementor-element elementor-element-338b5a3 e-con-full e-flex e-con e-child\" data-id=\"338b5a3\" data-element_type=\"container\">\n\t\t\t\t<div class=\"elementor-element elementor-element-6c3aea9 elementor-widget elementor-widget-text-editor\" data-id=\"6c3aea9\" data-element_type=\"widget\" data-widget_type=\"text-editor.default\">\n\t\t\t\t<div class=\"elementor-widget-container\">\n\t\t\t<style>\/*! elementor - v3.21.0 - 26-05-2024 *\/\n.elementor-widget-text-editor.elementor-drop-cap-view-stacked .elementor-drop-cap{background-color:#69727d;color:#fff}.elementor-widget-text-editor.elementor-drop-cap-view-framed .elementor-drop-cap{color:#69727d;border:3px solid;background-color:transparent}.elementor-widget-text-editor:not(.elementor-drop-cap-view-default) .elementor-drop-cap{margin-top:8px}.elementor-widget-text-editor:not(.elementor-drop-cap-view-default) .elementor-drop-cap-letter{width:1em;height:1em}.elementor-widget-text-editor .elementor-drop-cap{float:left;text-align:center;line-height:1;font-size:50px}.elementor-widget-text-editor .elementor-drop-cap-letter{display:inline-block}<\/style>\t\t\t\t<p><span style=\"text-decoration: underline;\">Nossa assessoria consiste no aux\u00edlio para obten\u00e7\u00e3o dos seguintes documentos:<\/span><\/p><p>BUSCA DE CERTID\u00d5ES (BRASIL \/ IT\u00c1LIA);<br \/>AN\u00c1LISE DAS CERTID\u00d5ES;<br \/>RETIFICA\u00c7\u00d5ES DAS CERTID\u00d5ES (QUANDO NECESS\u00c1RIO);<br \/>TRADU\u00c7\u00d5ES JURAMENTADAS;<br \/>APOSTILA DE HAIA.<\/p>\t\t\t\t\t\t<\/div>\n\t\t\t\t<\/div>\n\t\t\t\t<\/div>\n\t\t\t\t\t<\/div>\n\t\t\t\t<\/div>\n\t\t<div class=\"elementor-element elementor-element-02e3a55 e-flex e-con-boxed e-con e-parent\" data-id=\"02e3a55\" data-element_type=\"container\" data-settings=\"{&quot;background_background&quot;:&quot;classic&quot;}\">\n\t\t\t\t\t<div class=\"e-con-inner\">\n\t\t\t\t<div class=\"elementor-element elementor-element-2b497a9 elementor-cta--skin-cover elementor-animated-content elementor-bg-transform elementor-bg-transform-zoom-in elementor-widget elementor-widget-call-to-action\" data-id=\"2b497a9\" data-element_type=\"widget\" data-widget_type=\"call-to-action.default\">\n\t\t\t\t<div class=\"elementor-widget-container\">\n\t\t\t<link rel=\"stylesheet\" href=\"https:\/\/bonottoconsultoria.com.br\/wp-content\/uploads\/elementor\/css\/custom-pro-widget-call-to-action.min.css?ver=1718464934\">\t\t<div class=\"elementor-cta\">\n\t\t\t\t\t<div class=\"elementor-cta__bg-wrapper\">\n\t\t\t\t<div class=\"elementor-cta__bg elementor-bg\" style=\"background-image: url(https:\/\/bonottoconsultoria.com.br\/wp-content\/uploads\/2023\/09\/CHAMADA-PARA-ACAO-14-12-1024x576.jpg);\" role=\"img\" aria-label=\"\"><\/div>\n\t\t\t\t<div class=\"elementor-cta__bg-overlay\"><\/div>\n\t\t\t<\/div>\n\t\t\t\t\t\t\t<div class=\"elementor-cta__content\">\n\t\t\t\t\n\t\t\t\t\t\t\t\t\t<h3 class=\"elementor-cta__title elementor-cta__content-item elementor-content-item elementor-animated-item--shrink\">\n\t\t\t\t\t\tPRECISA DE AUX\u00cdLIO PARA SUA CIDADANIA ITALIANA?\t\t\t\t\t<\/h3>\n\t\t\t\t\n\t\t\t\t\t\t\t\t\t<div class=\"elementor-cta__description elementor-cta__content-item elementor-content-item elementor-animated-item--shrink\">\n\t\t\t\t\t\tNossos especialistas assessoram todas as etapas\t\t\t\t\t<\/div>\n\t\t\t\t\n\t\t\t\t\t\t\t\t\t<div class=\"elementor-cta__button-wrapper elementor-cta__content-item elementor-content-item elementor-animated-item--shrink\">\n\t\t\t\t\t<a class=\"elementor-cta__button elementor-button elementor-size-sm\" href=\"https:\/\/bonottoconsultoria.com.br\/index.php\/formulario-servicos\/\">\n\t\t\t\t\t\tQUERO ESSE SERVI\u00c7O\t\t\t\t\t<\/a>\n\t\t\t\t\t<\/div>\n\t\t\t\t\t\t\t<\/div>\n\t\t\t\t\t\t<\/div>\n\t\t\t\t<\/div>\n\t\t\t\t<\/div>\n\t\t\t\t\t<\/div>\n\t\t\t\t<\/div>\n\t\t\t\t<\/div>\n\t\t","protected":false},"excerpt":{"rendered":"<p>ASSESSORIA COMPLETA TODAS AS ETAPAS NECESS\u00c1RIAS PARA A OBTEN\u00c7\u00c3O DOS DOCUMENTOS PODER\u00c3O SER FEITAS PELO NOSSO ESCRIT\u00d3RIO. Nossa assessoria consiste no aux\u00edlio para obten\u00e7\u00e3o dos seguintes documentos: BUSCA DE CERTID\u00d5ES (BRASIL \/ IT\u00c1LIA);AN\u00c1LISE DAS CERTID\u00d5ES;RETIFICA\u00c7\u00d5ES DAS CERTID\u00d5ES (QUANDO NECESS\u00c1RIO);TRADU\u00c7\u00d5ES JURAMENTADAS;APOSTILA DE HAIA. PRECISA DE AUX\u00cdLIO PARA SUA CIDADANIA ITALIANA? Nossos especialistas assessoram todas as etapas [&hellip;]<\/p>\n","protected":false},"author":1,"featured_media":0,"parent":0,"menu_order":0,"comment_status":"closed","ping_status":"closed","template":"elementor_header_footer","meta":{"_monsterinsights_skip_tracking":false,"_monsterinsights_sitenote_active":false,"_monsterinsights_sitenote_note":"","_monsterinsights_sitenote_category":0,"footnotes":""},"class_list":["post-8301","page","type-page","status-publish","hentry"],"aioseo_notices":[],"_links":{"self":[{"href":"https:\/\/bonottoconsultoria.com.br\/index.php\/wp-json\/wp\/v2\/pages\/8301","targetHints":{"allow":["GET"]}}],"collection":[{"href":"https:\/\/bonottoconsultoria.com.br\/index.php\/wp-json\/wp\/v2\/pages"}],"about":[{"href":"https:\/\/bonottoconsultoria.com.br\/index.php\/wp-json\/wp\/v2\/types\/page"}],"author":[{"embeddable":true,"href":"https:\/\/bonottoconsultoria.com.br\/index.php\/wp-json\/wp\/v2\/users\/1"}],"replies":[{"embeddable":true,"href":"https:\/\/bonottoconsultoria.com.br\/index.php\/wp-json\/wp\/v2\/comments?post=8301"}],"version-history":[{"count":182,"href":"https:\/\/bonottoconsultoria.com.br\/index.php\/wp-json\/wp\/v2\/pages\/8301\/revisions"}],"predecessor-version":[{"id":20712,"href":"https:\/\/bonottoconsultoria.com.br\/index.php\/wp-json\/wp\/v2\/pages\/8301\/revisions\/20712"}],"wp:attachment":[{"href":"https:\/\/bonottoconsultoria.com.br\/index.php\/wp-json\/wp\/v2\/media?parent=8301"}],"curies":[{"name":"wp","href":"https:\/\/api.w.org\/{rel}","templated":true}]}}