{"id":6636,"date":"2023-07-17T16:20:14","date_gmt":"2023-07-17T19:20:14","guid":{"rendered":"https:\/\/bonottoconsultoria.com.br\/?page_id=6636"},"modified":"2024-06-15T12:37:35","modified_gmt":"2024-06-15T15:37:35","slug":"passaporte-italiano-2","status":"publish","type":"page","link":"https:\/\/bonottoconsultoria.com.br\/index.php\/passaporte-italiano-2\/","title":{"rendered":"Passaporte Italiano"},"content":{"rendered":"\t\t<div data-elementor-type=\"wp-page\" data-elementor-id=\"6636\" class=\"elementor elementor-6636\" data-elementor-post-type=\"page\">\n\t\t\t\t<div class=\"elementor-element elementor-element-14bf477 e-flex e-con-boxed e-con e-parent\" data-id=\"14bf477\" data-element_type=\"container\" data-settings=\"{&quot;background_background&quot;:&quot;classic&quot;}\">\n\t\t\t\t\t<div class=\"e-con-inner\">\n\t\t<div class=\"elementor-element elementor-element-35cde42 e-flex e-con-boxed e-con e-child\" data-id=\"35cde42\" data-element_type=\"container\">\n\t\t\t\t\t<div class=\"e-con-inner\">\n\t\t\t\t<div class=\"elementor-element elementor-element-df1a39f elementor-widget elementor-widget-heading\" data-id=\"df1a39f\" data-element_type=\"widget\" data-widget_type=\"heading.default\">\n\t\t\t\t<div class=\"elementor-widget-container\">\n\t\t\t<style>\/*! elementor - v3.21.0 - 26-05-2024 *\/\n.elementor-heading-title{padding:0;margin:0;line-height:1}.elementor-widget-heading .elementor-heading-title[class*=elementor-size-]>a{color:inherit;font-size:inherit;line-height:inherit}.elementor-widget-heading .elementor-heading-title.elementor-size-small{font-size:15px}.elementor-widget-heading .elementor-heading-title.elementor-size-medium{font-size:19px}.elementor-widget-heading .elementor-heading-title.elementor-size-large{font-size:29px}.elementor-widget-heading .elementor-heading-title.elementor-size-xl{font-size:39px}.elementor-widget-heading .elementor-heading-title.elementor-size-xxl{font-size:59px}<\/style><h1 class=\"elementor-heading-title elementor-size-default\">PASSAPORTE ITALIANO<\/h1>\t\t<\/div>\n\t\t\t\t<\/div>\n\t\t\t\t\t<\/div>\n\t\t\t\t<\/div>\n\t\t\t\t\t<\/div>\n\t\t\t\t<\/div>\n\t\t<div class=\"elementor-element elementor-element-b84d539 e-flex e-con-boxed e-con e-parent\" data-id=\"b84d539\" data-element_type=\"container\">\n\t\t\t\t\t<div class=\"e-con-inner\">\n\t\t<div class=\"elementor-element elementor-element-d25c408 e-con-full e-flex e-con e-child\" data-id=\"d25c408\" data-element_type=\"container\">\n\t\t\t\t<div class=\"elementor-element elementor-element-7709923 elementor-widget elementor-widget-heading\" data-id=\"7709923\" data-element_type=\"widget\" data-widget_type=\"heading.default\">\n\t\t\t\t<div class=\"elementor-widget-container\">\n\t\t\t<h2 class=\"elementor-heading-title elementor-size-default\">PASSAPORTO<\/h2>\t\t<\/div>\n\t\t\t\t<\/div>\n\t\t\t\t<\/div>\n\t\t<div class=\"elementor-element elementor-element-ce59ea1 e-con-full e-flex e-con e-child\" data-id=\"ce59ea1\" data-element_type=\"container\">\n\t\t\t\t<div class=\"elementor-element elementor-element-d7449d5 elementor-widget elementor-widget-text-editor\" data-id=\"d7449d5\" data-element_type=\"widget\" data-widget_type=\"text-editor.default\">\n\t\t\t\t<div class=\"elementor-widget-container\">\n\t\t\t<style>\/*! elementor - v3.21.0 - 26-05-2024 *\/\n.elementor-widget-text-editor.elementor-drop-cap-view-stacked .elementor-drop-cap{background-color:#69727d;color:#fff}.elementor-widget-text-editor.elementor-drop-cap-view-framed .elementor-drop-cap{color:#69727d;border:3px solid;background-color:transparent}.elementor-widget-text-editor:not(.elementor-drop-cap-view-default) .elementor-drop-cap{margin-top:8px}.elementor-widget-text-editor:not(.elementor-drop-cap-view-default) .elementor-drop-cap-letter{width:1em;height:1em}.elementor-widget-text-editor .elementor-drop-cap{float:left;text-align:center;line-height:1;font-size:50px}.elementor-widget-text-editor .elementor-drop-cap-letter{display:inline-block}<\/style>\t\t\t\t<p>Agora que voc\u00ea \u00e9 um cidad\u00e3o italiano, s\u00f3 falta mais uma coisa para poder desfrutar de tudo que a cidadania italiana pode oferecer.<\/p><p><strong>OFERECEMOS SERVI\u00c7O DE AGENDAMENTO DE EMISS\u00c3O E RENOVA\u00c7\u00c3O DE PASSAPORTE.<\/strong><\/p>\t\t\t\t\t\t<\/div>\n\t\t\t\t<\/div>\n\t\t\t\t<\/div>\n\t\t\t\t\t<\/div>\n\t\t\t\t<\/div>\n\t\t<div class=\"elementor-element elementor-element-9c527c7 e-flex e-con-boxed e-con e-parent\" data-id=\"9c527c7\" data-element_type=\"container\" data-settings=\"{&quot;background_background&quot;:&quot;classic&quot;}\">\n\t\t\t\t\t<div class=\"e-con-inner\">\n\t\t\t\t<div class=\"elementor-element elementor-element-9a37e77 elementor-cta--skin-cover elementor-animated-content elementor-bg-transform elementor-bg-transform-zoom-in elementor-widget elementor-widget-call-to-action\" data-id=\"9a37e77\" data-element_type=\"widget\" data-widget_type=\"call-to-action.default\">\n\t\t\t\t<div class=\"elementor-widget-container\">\n\t\t\t<link rel=\"stylesheet\" href=\"https:\/\/bonottoconsultoria.com.br\/wp-content\/uploads\/elementor\/css\/custom-pro-widget-call-to-action.min.css?ver=1718464934\">\t\t<div class=\"elementor-cta\">\n\t\t\t\t\t<div class=\"elementor-cta__bg-wrapper\">\n\t\t\t\t<div class=\"elementor-cta__bg elementor-bg\" style=\"background-image: url(https:\/\/bonottoconsultoria.com.br\/wp-content\/uploads\/2023\/09\/CHAMADA-PARA-ACAO-14-16-1024x576.jpg);\" role=\"img\" aria-label=\"\"><\/div>\n\t\t\t\t<div class=\"elementor-cta__bg-overlay\"><\/div>\n\t\t\t<\/div>\n\t\t\t\t\t\t\t<div class=\"elementor-cta__content\">\n\t\t\t\t\n\t\t\t\t\t\t\t\t\t<h3 class=\"elementor-cta__title elementor-cta__content-item elementor-content-item elementor-animated-item--shrink\">\n\t\t\t\t\t\tPRECISA AGENDAR EMISS\u00c3O\/RENOVA\u00c7\u00c3O DE PASSAPORTE ITALIANO?\t\t\t\t\t<\/h3>\n\t\t\t\t\n\t\t\t\t\t\t\t\t\t<div class=\"elementor-cta__description elementor-cta__content-item elementor-content-item elementor-animated-item--shrink\">\n\t\t\t\t\t\tNossa equipe faz isso pra voc\u00ea\t\t\t\t\t<\/div>\n\t\t\t\t\n\t\t\t\t\t\t\t\t\t<div class=\"elementor-cta__button-wrapper elementor-cta__content-item elementor-content-item elementor-animated-item--shrink\">\n\t\t\t\t\t<a class=\"elementor-cta__button elementor-button elementor-size-sm\" href=\"https:\/\/bonottoconsultoria.com.br\/index.php\/formulario-servicos-aire-prenotami\/\">\n\t\t\t\t\t\tQUERO ESSE SERVI\u00c7O\t\t\t\t\t<\/a>\n\t\t\t\t\t<\/div>\n\t\t\t\t\t\t\t<\/div>\n\t\t\t\t\t\t<\/div>\n\t\t\t\t<\/div>\n\t\t\t\t<\/div>\n\t\t\t\t\t<\/div>\n\t\t\t\t<\/div>\n\t\t\t\t<\/div>\n\t\t","protected":false},"excerpt":{"rendered":"<p>PASSAPORTE ITALIANO PASSAPORTO Agora que voc\u00ea \u00e9 um cidad\u00e3o italiano, s\u00f3 falta mais uma coisa para poder desfrutar de tudo que a cidadania italiana pode oferecer. OFERECEMOS SERVI\u00c7O DE AGENDAMENTO DE EMISS\u00c3O E RENOVA\u00c7\u00c3O DE PASSAPORTE. PRECISA AGENDAR EMISS\u00c3O\/RENOVA\u00c7\u00c3O DE PASSAPORTE ITALIANO? Nossa equipe faz isso pra voc\u00ea QUERO ESSE SERVI\u00c7O<\/p>\n","protected":false},"author":1,"featured_media":0,"parent":0,"menu_order":0,"comment_status":"closed","ping_status":"closed","template":"elementor_header_footer","meta":{"_monsterinsights_skip_tracking":false,"_monsterinsights_sitenote_active":false,"_monsterinsights_sitenote_note":"","_monsterinsights_sitenote_category":0,"footnotes":""},"class_list":["post-6636","page","type-page","status-publish","hentry"],"aioseo_notices":[],"_links":{"self":[{"href":"https:\/\/bonottoconsultoria.com.br\/index.php\/wp-json\/wp\/v2\/pages\/6636","targetHints":{"allow":["GET"]}}],"collection":[{"href":"https:\/\/bonottoconsultoria.com.br\/index.php\/wp-json\/wp\/v2\/pages"}],"about":[{"href":"https:\/\/bonottoconsultoria.com.br\/index.php\/wp-json\/wp\/v2\/types\/page"}],"author":[{"embeddable":true,"href":"https:\/\/bonottoconsultoria.com.br\/index.php\/wp-json\/wp\/v2\/users\/1"}],"replies":[{"embeddable":true,"href":"https:\/\/bonottoconsultoria.com.br\/index.php\/wp-json\/wp\/v2\/comments?post=6636"}],"version-history":[{"count":220,"href":"https:\/\/bonottoconsultoria.com.br\/index.php\/wp-json\/wp\/v2\/pages\/6636\/revisions"}],"predecessor-version":[{"id":20809,"href":"https:\/\/bonottoconsultoria.com.br\/index.php\/wp-json\/wp\/v2\/pages\/6636\/revisions\/20809"}],"wp:attachment":[{"href":"https:\/\/bonottoconsultoria.com.br\/index.php\/wp-json\/wp\/v2\/media?parent=6636"}],"curies":[{"name":"wp","href":"https:\/\/api.w.org\/{rel}","templated":true}]}}