{"id":6540,"date":"2023-07-17T15:26:31","date_gmt":"2023-07-17T18:26:31","guid":{"rendered":"https:\/\/bonottoconsultoria.com.br\/?page_id=6540"},"modified":"2023-10-03T11:44:52","modified_gmt":"2023-10-03T14:44:52","slug":"traducao-juramentada-2","status":"publish","type":"page","link":"https:\/\/bonottoconsultoria.com.br\/index.php\/traducao-juramentada-2\/","title":{"rendered":"Tradu\u00e7\u00e3o Juramentada"},"content":{"rendered":"\t\t<div data-elementor-type=\"wp-page\" data-elementor-id=\"6540\" class=\"elementor elementor-6540\" data-elementor-post-type=\"page\">\n\t\t\t\t<div class=\"elementor-element elementor-element-aa8f744 e-flex e-con-boxed e-con e-parent\" data-id=\"aa8f744\" data-element_type=\"container\" data-settings=\"{&quot;background_background&quot;:&quot;classic&quot;}\">\n\t\t\t\t\t<div class=\"e-con-inner\">\n\t\t<div class=\"elementor-element elementor-element-bb3bded e-flex e-con-boxed e-con e-child\" data-id=\"bb3bded\" data-element_type=\"container\">\n\t\t\t\t\t<div class=\"e-con-inner\">\n\t\t\t\t<div class=\"elementor-element elementor-element-71682e0 elementor-widget elementor-widget-heading\" data-id=\"71682e0\" data-element_type=\"widget\" data-widget_type=\"heading.default\">\n\t\t\t\t<div class=\"elementor-widget-container\">\n\t\t\t<style>\/*! elementor - v3.21.0 - 26-05-2024 *\/\n.elementor-heading-title{padding:0;margin:0;line-height:1}.elementor-widget-heading .elementor-heading-title[class*=elementor-size-]>a{color:inherit;font-size:inherit;line-height:inherit}.elementor-widget-heading .elementor-heading-title.elementor-size-small{font-size:15px}.elementor-widget-heading .elementor-heading-title.elementor-size-medium{font-size:19px}.elementor-widget-heading .elementor-heading-title.elementor-size-large{font-size:29px}.elementor-widget-heading .elementor-heading-title.elementor-size-xl{font-size:39px}.elementor-widget-heading .elementor-heading-title.elementor-size-xxl{font-size:59px}<\/style><h1 class=\"elementor-heading-title elementor-size-default\">TRADU\u00c7\u00c3O JURAMENTADA<\/h1>\t\t<\/div>\n\t\t\t\t<\/div>\n\t\t\t\t\t<\/div>\n\t\t\t\t<\/div>\n\t\t\t\t\t<\/div>\n\t\t\t\t<\/div>\n\t\t<div class=\"elementor-element elementor-element-0172347 e-flex e-con-boxed e-con e-parent\" data-id=\"0172347\" data-element_type=\"container\">\n\t\t\t\t\t<div class=\"e-con-inner\">\n\t\t<div class=\"elementor-element elementor-element-70e500f e-con-full e-flex e-con e-child\" data-id=\"70e500f\" data-element_type=\"container\">\n\t\t\t\t<div class=\"elementor-element elementor-element-a63674c elementor-widget elementor-widget-image\" data-id=\"a63674c\" data-element_type=\"widget\" data-widget_type=\"image.default\">\n\t\t\t\t<div class=\"elementor-widget-container\">\n\t\t\t<style>\/*! elementor - v3.21.0 - 26-05-2024 *\/\n.elementor-widget-image{text-align:center}.elementor-widget-image a{display:inline-block}.elementor-widget-image a img[src$=\".svg\"]{width:48px}.elementor-widget-image img{vertical-align:middle;display:inline-block}<\/style>\t\t\t\t\t\t\t\t\t\t<img fetchpriority=\"high\" decoding=\"async\" width=\"800\" height=\"450\" src=\"https:\/\/bonottoconsultoria.com.br\/wp-content\/uploads\/2023\/09\/traducoes-juramentadas-.jpg\" class=\"attachment-large size-large wp-image-13378\" alt=\"\" srcset=\"https:\/\/bonottoconsultoria.com.br\/wp-content\/uploads\/2023\/09\/traducoes-juramentadas-.jpg 800w, https:\/\/bonottoconsultoria.com.br\/wp-content\/uploads\/2023\/09\/traducoes-juramentadas--300x169.jpg 300w, https:\/\/bonottoconsultoria.com.br\/wp-content\/uploads\/2023\/09\/traducoes-juramentadas--768x432.jpg 768w\" sizes=\"(max-width: 800px) 100vw, 800px\" \/>\t\t\t\t\t\t\t\t\t\t\t\t\t<\/div>\n\t\t\t\t<\/div>\n\t\t\t\t<\/div>\n\t\t<div class=\"elementor-element elementor-element-2d771cb e-con-full e-flex e-con e-child\" data-id=\"2d771cb\" data-element_type=\"container\">\n\t\t\t\t<div class=\"elementor-element elementor-element-8ef0032 elementor-widget elementor-widget-heading\" data-id=\"8ef0032\" data-element_type=\"widget\" data-widget_type=\"heading.default\">\n\t\t\t\t<div class=\"elementor-widget-container\">\n\t\t\t<h2 class=\"elementor-heading-title elementor-size-default\">TRADU\u00c7\u00c3O NO IDIOMA<\/h2>\t\t<\/div>\n\t\t\t\t<\/div>\n\t\t\t\t<div class=\"elementor-element elementor-element-3cd865c elementor-widget elementor-widget-heading\" data-id=\"3cd865c\" data-element_type=\"widget\" data-widget_type=\"heading.default\">\n\t\t\t\t<div class=\"elementor-widget-container\">\n\t\t\t<h2 class=\"elementor-heading-title elementor-size-default\">ITALIANO<\/h2>\t\t<\/div>\n\t\t\t\t<\/div>\n\t\t\t\t<\/div>\n\t\t\t\t\t<\/div>\n\t\t\t\t<\/div>\n\t\t<div class=\"elementor-element elementor-element-4b4bb92 e-flex e-con-boxed e-con e-parent\" data-id=\"4b4bb92\" data-element_type=\"container\">\n\t\t\t\t\t<div class=\"e-con-inner\">\n\t\t<div class=\"elementor-element elementor-element-71584f6 e-con-full e-flex e-con e-child\" data-id=\"71584f6\" data-element_type=\"container\">\n\t\t\t\t<div class=\"elementor-element elementor-element-8d0a1b1 elementor-widget elementor-widget-text-editor\" data-id=\"8d0a1b1\" data-element_type=\"widget\" data-widget_type=\"text-editor.default\">\n\t\t\t\t<div class=\"elementor-widget-container\">\n\t\t\t<style>\/*! elementor - v3.21.0 - 26-05-2024 *\/\n.elementor-widget-text-editor.elementor-drop-cap-view-stacked .elementor-drop-cap{background-color:#69727d;color:#fff}.elementor-widget-text-editor.elementor-drop-cap-view-framed .elementor-drop-cap{color:#69727d;border:3px solid;background-color:transparent}.elementor-widget-text-editor:not(.elementor-drop-cap-view-default) .elementor-drop-cap{margin-top:8px}.elementor-widget-text-editor:not(.elementor-drop-cap-view-default) .elementor-drop-cap-letter{width:1em;height:1em}.elementor-widget-text-editor .elementor-drop-cap{float:left;text-align:center;line-height:1;font-size:50px}.elementor-widget-text-editor .elementor-drop-cap-letter{display:inline-block}<\/style>\t\t\t\t<p><strong>Todos os documentos<\/strong> <strong>brasileiros<\/strong> (Certid\u00f5es de Nascimento, Casamento, \u00d3bito, Certid\u00e3o Negativa de Naturaliza\u00e7\u00e3o e documentos relativos a div\u00f3rcios, etc.) <strong>dever\u00e3o ser traduzidos para o<\/strong> <strong>idioma italiano <\/strong>por Tradutor P\u00fablico e Int\u00e9rprete Comercial inscrito na Junta Comercial do Estado Brasileiro ao qual pertence. A firma do tradutor dever\u00e1 ser reconhecida em cart\u00f3rio e a tradu\u00e7\u00e3o tamb\u00e9m apostilada.<\/p>\t\t\t\t\t\t<\/div>\n\t\t\t\t<\/div>\n\t\t\t\t<\/div>\n\t\t<div class=\"elementor-element elementor-element-9a7d794 e-con-full e-flex e-con e-child\" data-id=\"9a7d794\" data-element_type=\"container\">\n\t\t\t\t<div class=\"elementor-element elementor-element-12ef7f8 elementor-widget elementor-widget-image\" data-id=\"12ef7f8\" data-element_type=\"widget\" data-widget_type=\"image.default\">\n\t\t\t\t<div class=\"elementor-widget-container\">\n\t\t\t\t\t\t\t\t\t\t\t\t\t<img decoding=\"async\" width=\"800\" height=\"450\" src=\"https:\/\/bonottoconsultoria.com.br\/wp-content\/uploads\/2023\/09\/FUNDOS-BRANCOS-1-1024x576.jpg\" class=\"attachment-large size-large wp-image-13364\" alt=\"\" srcset=\"https:\/\/bonottoconsultoria.com.br\/wp-content\/uploads\/2023\/09\/FUNDOS-BRANCOS-1-1024x576.jpg 1024w, https:\/\/bonottoconsultoria.com.br\/wp-content\/uploads\/2023\/09\/FUNDOS-BRANCOS-1-300x169.jpg 300w, https:\/\/bonottoconsultoria.com.br\/wp-content\/uploads\/2023\/09\/FUNDOS-BRANCOS-1-768x432.jpg 768w, https:\/\/bonottoconsultoria.com.br\/wp-content\/uploads\/2023\/09\/FUNDOS-BRANCOS-1-1536x864.jpg 1536w, https:\/\/bonottoconsultoria.com.br\/wp-content\/uploads\/2023\/09\/FUNDOS-BRANCOS-1.jpg 1920w\" sizes=\"(max-width: 800px) 100vw, 800px\" \/>\t\t\t\t\t\t\t\t\t\t\t\t\t<\/div>\n\t\t\t\t<\/div>\n\t\t\t\t<\/div>\n\t\t\t\t\t<\/div>\n\t\t\t\t<\/div>\n\t\t<div class=\"elementor-element elementor-element-1585b1b e-flex e-con-boxed e-con e-parent\" data-id=\"1585b1b\" data-element_type=\"container\" data-settings=\"{&quot;background_background&quot;:&quot;classic&quot;}\">\n\t\t\t\t\t<div class=\"e-con-inner\">\n\t\t\t\t<div class=\"elementor-element elementor-element-78bcd41 elementor-cta--skin-cover elementor-animated-content elementor-bg-transform elementor-bg-transform-zoom-in elementor-widget elementor-widget-call-to-action\" data-id=\"78bcd41\" data-element_type=\"widget\" data-widget_type=\"call-to-action.default\">\n\t\t\t\t<div class=\"elementor-widget-container\">\n\t\t\t<link rel=\"stylesheet\" href=\"https:\/\/bonottoconsultoria.com.br\/wp-content\/uploads\/elementor\/css\/custom-pro-widget-call-to-action.min.css?ver=1718464934\">\t\t<div class=\"elementor-cta\">\n\t\t\t\t\t<div class=\"elementor-cta__bg-wrapper\">\n\t\t\t\t<div class=\"elementor-cta__bg elementor-bg\" style=\"background-image: url(https:\/\/bonottoconsultoria.com.br\/wp-content\/uploads\/2023\/09\/CHAMADA-PARA-ACAO-14-7-1024x576.jpg);\" role=\"img\" aria-label=\"\"><\/div>\n\t\t\t\t<div class=\"elementor-cta__bg-overlay\"><\/div>\n\t\t\t<\/div>\n\t\t\t\t\t\t\t<div class=\"elementor-cta__content\">\n\t\t\t\t\n\t\t\t\t\t\t\t\t\t<h3 class=\"elementor-cta__title elementor-cta__content-item elementor-content-item elementor-animated-item--shrink\">\n\t\t\t\t\t\tPRECISA TRADUZIR SEUS DOCUMENTOS?\t\t\t\t\t<\/h3>\n\t\t\t\t\n\t\t\t\t\n\t\t\t\t\t\t\t\t\t<div class=\"elementor-cta__button-wrapper elementor-cta__content-item elementor-content-item elementor-animated-item--shrink\">\n\t\t\t\t\t<a class=\"elementor-cta__button elementor-button elementor-size-sm\" href=\"https:\/\/bonottoconsultoria.com.br\/index.php\/formulario-servicos\/\">\n\t\t\t\t\t\tQUERO ESSE SERVI\u00c7O\t\t\t\t\t<\/a>\n\t\t\t\t\t<\/div>\n\t\t\t\t\t\t\t<\/div>\n\t\t\t\t\t\t<\/div>\n\t\t\t\t<\/div>\n\t\t\t\t<\/div>\n\t\t\t\t\t<\/div>\n\t\t\t\t<\/div>\n\t\t\t\t<\/div>\n\t\t","protected":false},"excerpt":{"rendered":"<p>TRADU\u00c7\u00c3O JURAMENTADA TRADU\u00c7\u00c3O NO IDIOMA ITALIANO Todos os documentos brasileiros (Certid\u00f5es de Nascimento, Casamento, \u00d3bito, Certid\u00e3o Negativa de Naturaliza\u00e7\u00e3o e documentos relativos a div\u00f3rcios, etc.) dever\u00e3o ser traduzidos para o idioma italiano por Tradutor P\u00fablico e Int\u00e9rprete Comercial inscrito na Junta Comercial do Estado Brasileiro ao qual pertence. A firma do tradutor dever\u00e1 ser reconhecida [&hellip;]<\/p>\n","protected":false},"author":1,"featured_media":0,"parent":0,"menu_order":0,"comment_status":"closed","ping_status":"closed","template":"elementor_header_footer","meta":{"_monsterinsights_skip_tracking":false,"_monsterinsights_sitenote_active":false,"_monsterinsights_sitenote_note":"","_monsterinsights_sitenote_category":0,"footnotes":""},"class_list":["post-6540","page","type-page","status-publish","hentry"],"aioseo_notices":[],"_links":{"self":[{"href":"https:\/\/bonottoconsultoria.com.br\/index.php\/wp-json\/wp\/v2\/pages\/6540","targetHints":{"allow":["GET"]}}],"collection":[{"href":"https:\/\/bonottoconsultoria.com.br\/index.php\/wp-json\/wp\/v2\/pages"}],"about":[{"href":"https:\/\/bonottoconsultoria.com.br\/index.php\/wp-json\/wp\/v2\/types\/page"}],"author":[{"embeddable":true,"href":"https:\/\/bonottoconsultoria.com.br\/index.php\/wp-json\/wp\/v2\/users\/1"}],"replies":[{"embeddable":true,"href":"https:\/\/bonottoconsultoria.com.br\/index.php\/wp-json\/wp\/v2\/comments?post=6540"}],"version-history":[{"count":226,"href":"https:\/\/bonottoconsultoria.com.br\/index.php\/wp-json\/wp\/v2\/pages\/6540\/revisions"}],"predecessor-version":[{"id":19903,"href":"https:\/\/bonottoconsultoria.com.br\/index.php\/wp-json\/wp\/v2\/pages\/6540\/revisions\/19903"}],"wp:attachment":[{"href":"https:\/\/bonottoconsultoria.com.br\/index.php\/wp-json\/wp\/v2\/media?parent=6540"}],"curies":[{"name":"wp","href":"https:\/\/api.w.org\/{rel}","templated":true}]}}