{"id":535,"date":"2023-07-05T15:56:33","date_gmt":"2023-07-05T18:56:33","guid":{"rendered":"https:\/\/bonottoconsultoria.com.br\/?page_id=535"},"modified":"2024-06-15T12:20:48","modified_gmt":"2024-06-15T15:20:48","slug":"sobre-nos","status":"publish","type":"page","link":"https:\/\/bonottoconsultoria.com.br\/index.php\/sobre-nos\/","title":{"rendered":"Sobre N\u00f3s"},"content":{"rendered":"\t\t<div data-elementor-type=\"wp-page\" data-elementor-id=\"535\" class=\"elementor elementor-535\" data-elementor-post-type=\"page\">\n\t\t\t\t<div class=\"elementor-element elementor-element-c310008 e-flex e-con-boxed e-con e-parent\" data-id=\"c310008\" data-element_type=\"container\" data-settings=\"{&quot;background_background&quot;:&quot;classic&quot;}\">\n\t\t\t\t\t<div class=\"e-con-inner\">\n\t\t\t\t\t<\/div>\n\t\t\t\t<\/div>\n\t\t<div class=\"elementor-element elementor-element-e89a334 e-flex e-con-boxed e-con e-parent\" data-id=\"e89a334\" data-element_type=\"container\">\n\t\t\t\t\t<div class=\"e-con-inner\">\n\t\t\t\t<div class=\"elementor-element elementor-element-f1c6df4 elementor-widget elementor-widget-text-editor\" data-id=\"f1c6df4\" data-element_type=\"widget\" data-widget_type=\"text-editor.default\">\n\t\t\t\t<div class=\"elementor-widget-container\">\n\t\t\t<style>\/*! elementor - v3.21.0 - 26-05-2024 *\/\n.elementor-widget-text-editor.elementor-drop-cap-view-stacked .elementor-drop-cap{background-color:#69727d;color:#fff}.elementor-widget-text-editor.elementor-drop-cap-view-framed .elementor-drop-cap{color:#69727d;border:3px solid;background-color:transparent}.elementor-widget-text-editor:not(.elementor-drop-cap-view-default) .elementor-drop-cap{margin-top:8px}.elementor-widget-text-editor:not(.elementor-drop-cap-view-default) .elementor-drop-cap-letter{width:1em;height:1em}.elementor-widget-text-editor .elementor-drop-cap{float:left;text-align:center;line-height:1;font-size:50px}.elementor-widget-text-editor .elementor-drop-cap-letter{display:inline-block}<\/style>\t\t\t\t<p>Poder transitar livremente pela Europa sem se importar com a dura\u00e7\u00e3o dos exigentes vistos de perman\u00eancia nos pa\u00edses \u00e9 uma ideia que fascina muitos brasileiros. Prolongar a estadia l\u00e1 fora, ent\u00e3o, com oportunidade de empregos na It\u00e1lia, Alemanha e demais pa\u00edses da Comunidade Europeia, faz muito aventureiro sonhar acordado num universo sem limites. Falando com os p\u00e9s no ch\u00e3o, este privil\u00e9gio n\u00e3o \u00e9 t\u00e3o remoto: Quem puder comprovar descend\u00eancia direta com imigrantes italianos pode procurar as vias consulares, ou, se quiser, optar por fazer o pedido na It\u00e1lia (via judicial ou administrativa) e usufruir do direito \u00e0 dupla cidadania italiana.<\/p>\t\t\t\t\t\t<\/div>\n\t\t\t\t<\/div>\n\t\t\t\t\t<\/div>\n\t\t\t\t<\/div>\n\t\t<div class=\"elementor-element elementor-element-163d966 e-flex e-con-boxed e-con e-parent\" data-id=\"163d966\" data-element_type=\"container\">\n\t\t\t\t\t<div class=\"e-con-inner\">\n\t\t<div class=\"elementor-element elementor-element-ed54970 e-con-full e-flex e-con e-child\" data-id=\"ed54970\" data-element_type=\"container\">\n\t\t\t\t<div class=\"elementor-element elementor-element-bcaf8c8 elementor-widget elementor-widget-image\" data-id=\"bcaf8c8\" data-element_type=\"widget\" data-widget_type=\"image.default\">\n\t\t\t\t<div class=\"elementor-widget-container\">\n\t\t\t<style>\/*! elementor - v3.21.0 - 26-05-2024 *\/\n.elementor-widget-image{text-align:center}.elementor-widget-image a{display:inline-block}.elementor-widget-image a img[src$=\".svg\"]{width:48px}.elementor-widget-image img{vertical-align:middle;display:inline-block}<\/style>\t\t\t\t\t\t\t\t\t\t<img fetchpriority=\"high\" decoding=\"async\" width=\"800\" height=\"451\" src=\"https:\/\/bonottoconsultoria.com.br\/wp-content\/uploads\/2023\/09\/Copia-de-bandeira-italia-italiani-2-2-1024x577.jpg\" class=\"attachment-large size-large wp-image-18203\" alt=\"\" srcset=\"https:\/\/bonottoconsultoria.com.br\/wp-content\/uploads\/2023\/09\/Copia-de-bandeira-italia-italiani-2-2-1024x577.jpg 1024w, https:\/\/bonottoconsultoria.com.br\/wp-content\/uploads\/2023\/09\/Copia-de-bandeira-italia-italiani-2-2-300x169.jpg 300w, https:\/\/bonottoconsultoria.com.br\/wp-content\/uploads\/2023\/09\/Copia-de-bandeira-italia-italiani-2-2-768x433.jpg 768w, https:\/\/bonottoconsultoria.com.br\/wp-content\/uploads\/2023\/09\/Copia-de-bandeira-italia-italiani-2-2-1536x865.jpg 1536w, https:\/\/bonottoconsultoria.com.br\/wp-content\/uploads\/2023\/09\/Copia-de-bandeira-italia-italiani-2-2.jpg 1640w\" sizes=\"(max-width: 800px) 100vw, 800px\" \/>\t\t\t\t\t\t\t\t\t\t\t\t\t<\/div>\n\t\t\t\t<\/div>\n\t\t\t\t<\/div>\n\t\t<div class=\"elementor-element elementor-element-34793ac e-con-full e-flex e-con e-child\" data-id=\"34793ac\" data-element_type=\"container\">\n\t\t\t\t<div class=\"elementor-element elementor-element-95b2e43 elementor-widget elementor-widget-image\" data-id=\"95b2e43\" data-element_type=\"widget\" data-widget_type=\"image.default\">\n\t\t\t\t<div class=\"elementor-widget-container\">\n\t\t\t\t\t\t\t\t\t\t\t\t\t<img decoding=\"async\" width=\"800\" height=\"451\" src=\"https:\/\/bonottoconsultoria.com.br\/wp-content\/uploads\/2023\/09\/Copia-de-bandeira-italia-italiani-2-1-1024x577.jpg\" class=\"attachment-large size-large wp-image-18199\" alt=\"\" srcset=\"https:\/\/bonottoconsultoria.com.br\/wp-content\/uploads\/2023\/09\/Copia-de-bandeira-italia-italiani-2-1-1024x577.jpg 1024w, https:\/\/bonottoconsultoria.com.br\/wp-content\/uploads\/2023\/09\/Copia-de-bandeira-italia-italiani-2-1-300x169.jpg 300w, https:\/\/bonottoconsultoria.com.br\/wp-content\/uploads\/2023\/09\/Copia-de-bandeira-italia-italiani-2-1-768x433.jpg 768w, https:\/\/bonottoconsultoria.com.br\/wp-content\/uploads\/2023\/09\/Copia-de-bandeira-italia-italiani-2-1-1536x865.jpg 1536w, https:\/\/bonottoconsultoria.com.br\/wp-content\/uploads\/2023\/09\/Copia-de-bandeira-italia-italiani-2-1.jpg 1640w\" sizes=\"(max-width: 800px) 100vw, 800px\" \/>\t\t\t\t\t\t\t\t\t\t\t\t\t<\/div>\n\t\t\t\t<\/div>\n\t\t\t\t<\/div>\n\t\t\t\t\t<\/div>\n\t\t\t\t<\/div>\n\t\t<div class=\"elementor-element elementor-element-3ce52d8 e-flex e-con-boxed e-con e-parent\" data-id=\"3ce52d8\" data-element_type=\"container\">\n\t\t\t\t\t<div class=\"e-con-inner\">\n\t\t\t\t<div class=\"elementor-element elementor-element-4c64357 elementor-widget elementor-widget-text-editor\" data-id=\"4c64357\" data-element_type=\"widget\" data-widget_type=\"text-editor.default\">\n\t\t\t\t<div class=\"elementor-widget-container\">\n\t\t\t\t\t\t\t<p>Burocracias \u00e0 parte, o processo em alguns casos \u00e9 relativamente longo, uma vez que a pesquisa da \u00e1rvore geneal\u00f3gica requer tempo, obstina\u00e7\u00e3o e paci\u00eancia, sem contar as longas filas nos Consulados Italianos no Brasil. \u00c9 nesta hora que entra sabiamente o trabalho da <strong>BONOTTO CONSULTORIA<\/strong>, empresa criada em 1983 pelos advogados <em><strong>Olirio Ant\u00f4nio Bonotto e Ruth Bonotto<\/strong><\/em>, com objetivo de prestar consultoria direta a todos os brasileiros que desejarem obter a t\u00e3o sonhada cidadania italiana. A It\u00e1lia adota o princ\u00edpio do <em>&#8220;jus sanguinis&#8221;<\/em> &#8211; direito de sangue, ou seja, os descendentes de imigrantes italianos s\u00e3o considerados cidad\u00e3os italianos n\u00e3o importando o seu local de nascimento ou resid\u00eancia.\u00a0<\/p>\t\t\t\t\t\t<\/div>\n\t\t\t\t<\/div>\n\t\t\t\t\t<\/div>\n\t\t\t\t<\/div>\n\t\t<div class=\"elementor-element elementor-element-832ac6d e-flex e-con-boxed e-con e-parent\" data-id=\"832ac6d\" data-element_type=\"container\">\n\t\t\t\t\t<div class=\"e-con-inner\">\n\t\t<div class=\"elementor-element elementor-element-f048718 e-con-full e-flex e-con e-child\" data-id=\"f048718\" data-element_type=\"container\">\n\t\t\t\t<div class=\"elementor-element elementor-element-e54c712 elementor-widget elementor-widget-image\" data-id=\"e54c712\" data-element_type=\"widget\" data-widget_type=\"image.default\">\n\t\t\t\t<div class=\"elementor-widget-container\">\n\t\t\t\t\t\t\t\t\t\t\t\t\t<img decoding=\"async\" width=\"800\" height=\"450\" src=\"https:\/\/bonottoconsultoria.com.br\/wp-content\/uploads\/2023\/09\/PAI-E-MAE-1-1-1024x576.jpg\" class=\"attachment-large size-large wp-image-11288\" alt=\"\" srcset=\"https:\/\/bonottoconsultoria.com.br\/wp-content\/uploads\/2023\/09\/PAI-E-MAE-1-1-1024x576.jpg 1024w, https:\/\/bonottoconsultoria.com.br\/wp-content\/uploads\/2023\/09\/PAI-E-MAE-1-1-300x169.jpg 300w, https:\/\/bonottoconsultoria.com.br\/wp-content\/uploads\/2023\/09\/PAI-E-MAE-1-1-768x432.jpg 768w, https:\/\/bonottoconsultoria.com.br\/wp-content\/uploads\/2023\/09\/PAI-E-MAE-1-1-1536x864.jpg 1536w, https:\/\/bonottoconsultoria.com.br\/wp-content\/uploads\/2023\/09\/PAI-E-MAE-1-1.jpg 1920w\" sizes=\"(max-width: 800px) 100vw, 800px\" \/>\t\t\t\t\t\t\t\t\t\t\t\t\t<\/div>\n\t\t\t\t<\/div>\n\t\t\t\t<\/div>\n\t\t<div class=\"elementor-element elementor-element-d714fb8 e-con-full e-flex e-con e-child\" data-id=\"d714fb8\" data-element_type=\"container\">\n\t\t\t\t<div class=\"elementor-element elementor-element-5ee6eed elementor-widget elementor-widget-image\" data-id=\"5ee6eed\" data-element_type=\"widget\" data-widget_type=\"image.default\">\n\t\t\t\t<div class=\"elementor-widget-container\">\n\t\t\t\t\t\t\t\t\t\t\t\t\t<img loading=\"lazy\" decoding=\"async\" width=\"800\" height=\"450\" src=\"https:\/\/bonottoconsultoria.com.br\/wp-content\/uploads\/2023\/09\/PAI-E-MAE-2-1-1024x576.jpg\" class=\"attachment-large size-large wp-image-11296\" alt=\"\" srcset=\"https:\/\/bonottoconsultoria.com.br\/wp-content\/uploads\/2023\/09\/PAI-E-MAE-2-1-1024x576.jpg 1024w, https:\/\/bonottoconsultoria.com.br\/wp-content\/uploads\/2023\/09\/PAI-E-MAE-2-1-300x169.jpg 300w, https:\/\/bonottoconsultoria.com.br\/wp-content\/uploads\/2023\/09\/PAI-E-MAE-2-1-768x432.jpg 768w, https:\/\/bonottoconsultoria.com.br\/wp-content\/uploads\/2023\/09\/PAI-E-MAE-2-1-1536x864.jpg 1536w, https:\/\/bonottoconsultoria.com.br\/wp-content\/uploads\/2023\/09\/PAI-E-MAE-2-1.jpg 1920w\" sizes=\"(max-width: 800px) 100vw, 800px\" \/>\t\t\t\t\t\t\t\t\t\t\t\t\t<\/div>\n\t\t\t\t<\/div>\n\t\t\t\t<\/div>\n\t\t\t\t\t<\/div>\n\t\t\t\t<\/div>\n\t\t<div class=\"elementor-element elementor-element-3498f5c e-flex e-con-boxed e-con e-parent\" data-id=\"3498f5c\" data-element_type=\"container\">\n\t\t\t\t\t<div class=\"e-con-inner\">\n\t\t\t\t<div class=\"elementor-element elementor-element-2d85c4e elementor-widget elementor-widget-text-editor\" data-id=\"2d85c4e\" data-element_type=\"widget\" data-widget_type=\"text-editor.default\">\n\t\t\t\t<div class=\"elementor-widget-container\">\n\t\t\t\t\t\t\t<p>O Brasil adota o princ\u00edpio do <em>&#8220;jus soli&#8221;<\/em>\u00a0&#8211; direito do territ\u00f3rio &#8211; no qual todos os nascidos no Brasil s\u00e3o cidad\u00e3os brasileiros. Os descendentes de imigrantes italianos nascidos no Brasil, portanto, t\u00eam direito \u00e0 dupla cidadania e, desse modo, podem ter dois ou mais passaportes. O trabalho da Bonotto \u00e9 preparar toda a documenta\u00e7\u00e3o exigida para obten\u00e7\u00e3o da cidadania italiana, sem interferir nas atribui\u00e7\u00f5es legais dos \u00f3rg\u00e3os competentes. A facilidade de locomo\u00e7\u00e3o na Comunidade Europeia sem vistos, rapidez no <em>check-in<\/em> alfandeg\u00e1rio, possibilidade de fixar resid\u00eancia sem a necessidade de vistos de perman\u00eancia e at\u00e9 estudar &#8211; e por que n\u00e3o trabalhar &#8211; legalmente como qualquer cidad\u00e3o europeu. Sem contar de n\u00e3o ter necessidade de vistos para os Estados Unidos, Canad\u00e1 e Jap\u00e3o.<\/p>\t\t\t\t\t\t<\/div>\n\t\t\t\t<\/div>\n\t\t\t\t\t<\/div>\n\t\t\t\t<\/div>\n\t\t<div class=\"elementor-element elementor-element-63f6e55 e-flex e-con-boxed e-con e-parent\" data-id=\"63f6e55\" data-element_type=\"container\">\n\t\t\t\t\t<div class=\"e-con-inner\">\n\t\t<div class=\"elementor-element elementor-element-60a2583 e-con-full e-flex e-con e-child\" data-id=\"60a2583\" data-element_type=\"container\">\n\t\t\t\t<div class=\"elementor-element elementor-element-06072e0 elementor-widget elementor-widget-image\" data-id=\"06072e0\" data-element_type=\"widget\" data-widget_type=\"image.default\">\n\t\t\t\t<div class=\"elementor-widget-container\">\n\t\t\t\t\t\t\t\t\t\t\t\t\t<img loading=\"lazy\" decoding=\"async\" width=\"800\" height=\"451\" src=\"https:\/\/bonottoconsultoria.com.br\/wp-content\/uploads\/2023\/09\/bandeira-italia-italiani-2-2-1024x577.jpg\" class=\"attachment-large size-large wp-image-14690\" alt=\"\" srcset=\"https:\/\/bonottoconsultoria.com.br\/wp-content\/uploads\/2023\/09\/bandeira-italia-italiani-2-2-1024x577.jpg 1024w, https:\/\/bonottoconsultoria.com.br\/wp-content\/uploads\/2023\/09\/bandeira-italia-italiani-2-2-300x169.jpg 300w, https:\/\/bonottoconsultoria.com.br\/wp-content\/uploads\/2023\/09\/bandeira-italia-italiani-2-2-768x433.jpg 768w, https:\/\/bonottoconsultoria.com.br\/wp-content\/uploads\/2023\/09\/bandeira-italia-italiani-2-2-1536x865.jpg 1536w, https:\/\/bonottoconsultoria.com.br\/wp-content\/uploads\/2023\/09\/bandeira-italia-italiani-2-2.jpg 1640w\" sizes=\"(max-width: 800px) 100vw, 800px\" \/>\t\t\t\t\t\t\t\t\t\t\t\t\t<\/div>\n\t\t\t\t<\/div>\n\t\t\t\t<\/div>\n\t\t<div class=\"elementor-element elementor-element-f1b1a12 e-con-full e-flex e-con e-child\" data-id=\"f1b1a12\" data-element_type=\"container\">\n\t\t\t\t<div class=\"elementor-element elementor-element-bc3e469 elementor-widget elementor-widget-image\" data-id=\"bc3e469\" data-element_type=\"widget\" data-widget_type=\"image.default\">\n\t\t\t\t<div class=\"elementor-widget-container\">\n\t\t\t\t\t\t\t\t\t\t\t\t\t<img loading=\"lazy\" decoding=\"async\" width=\"800\" height=\"451\" src=\"https:\/\/bonottoconsultoria.com.br\/wp-content\/uploads\/2023\/09\/bandeira-italia-italiani-2-3-1024x577.jpg\" class=\"attachment-large size-large wp-image-14694\" alt=\"\" srcset=\"https:\/\/bonottoconsultoria.com.br\/wp-content\/uploads\/2023\/09\/bandeira-italia-italiani-2-3-1024x577.jpg 1024w, https:\/\/bonottoconsultoria.com.br\/wp-content\/uploads\/2023\/09\/bandeira-italia-italiani-2-3-300x169.jpg 300w, https:\/\/bonottoconsultoria.com.br\/wp-content\/uploads\/2023\/09\/bandeira-italia-italiani-2-3-768x433.jpg 768w, https:\/\/bonottoconsultoria.com.br\/wp-content\/uploads\/2023\/09\/bandeira-italia-italiani-2-3-1536x865.jpg 1536w, https:\/\/bonottoconsultoria.com.br\/wp-content\/uploads\/2023\/09\/bandeira-italia-italiani-2-3.jpg 1640w\" sizes=\"(max-width: 800px) 100vw, 800px\" \/>\t\t\t\t\t\t\t\t\t\t\t\t\t<\/div>\n\t\t\t\t<\/div>\n\t\t\t\t<\/div>\n\t\t\t\t\t<\/div>\n\t\t\t\t<\/div>\n\t\t<div class=\"elementor-element elementor-element-56302cd e-flex e-con-boxed e-con e-parent\" data-id=\"56302cd\" data-element_type=\"container\">\n\t\t\t\t\t<div class=\"e-con-inner\">\n\t\t\t\t<div class=\"elementor-element elementor-element-3ffd088 elementor-widget elementor-widget-text-editor\" data-id=\"3ffd088\" data-element_type=\"widget\" data-widget_type=\"text-editor.default\">\n\t\t\t\t<div class=\"elementor-widget-container\">\n\t\t\t\t\t\t\t<p>Com o apoio de uma equipe excelente de tradutores e int\u00e9rpretes bil\u00edngues, a Bonotto facilita a vida de seus clientes de forma eficaz e completa, prestando desde simples consultoria para toda elabora\u00e7\u00e3o do processo de cidadania italiana e, tamb\u00e9m, na prepara\u00e7\u00e3o dos documentos de executivos e empresas que queiram se estabelecer no Brasil. Apoiada num curr\u00edculo que lhe confere autoridade na \u00e1rea internacional, indiscutivelmente destacado pela qualidade e efici\u00eancia que conferem \u00e0 empresa uma reputa\u00e7\u00e3o incontest\u00e1vel ao longo de mais de 40 anos de estrada. Portanto, para quem quiser fazer parte desse seleto grupo de pessoas que tem a possibilidade de obter a cidadania italiana, <em>benvenuto<\/em> e <em>buona fortuna<\/em>, com os cumprimentos da BONOTTO CONSULTORIA.<\/p>\t\t\t\t\t\t<\/div>\n\t\t\t\t<\/div>\n\t\t\t\t\t<\/div>\n\t\t\t\t<\/div>\n\t\t\t\t<\/div>\n\t\t","protected":false},"excerpt":{"rendered":"<p>Poder transitar livremente pela Europa sem se importar com a dura\u00e7\u00e3o dos exigentes vistos de perman\u00eancia nos pa\u00edses \u00e9 uma ideia que fascina muitos brasileiros. Prolongar a estadia l\u00e1 fora, ent\u00e3o, com oportunidade de empregos na It\u00e1lia, Alemanha e demais pa\u00edses da Comunidade Europeia, faz muito aventureiro sonhar acordado num universo sem limites. Falando com [&hellip;]<\/p>\n","protected":false},"author":1,"featured_media":0,"parent":0,"menu_order":0,"comment_status":"closed","ping_status":"closed","template":"elementor_header_footer","meta":{"_monsterinsights_skip_tracking":false,"_monsterinsights_sitenote_active":false,"_monsterinsights_sitenote_note":"","_monsterinsights_sitenote_category":0,"footnotes":""},"class_list":["post-535","page","type-page","status-publish","hentry"],"aioseo_notices":[],"_links":{"self":[{"href":"https:\/\/bonottoconsultoria.com.br\/index.php\/wp-json\/wp\/v2\/pages\/535","targetHints":{"allow":["GET"]}}],"collection":[{"href":"https:\/\/bonottoconsultoria.com.br\/index.php\/wp-json\/wp\/v2\/pages"}],"about":[{"href":"https:\/\/bonottoconsultoria.com.br\/index.php\/wp-json\/wp\/v2\/types\/page"}],"author":[{"embeddable":true,"href":"https:\/\/bonottoconsultoria.com.br\/index.php\/wp-json\/wp\/v2\/users\/1"}],"replies":[{"embeddable":true,"href":"https:\/\/bonottoconsultoria.com.br\/index.php\/wp-json\/wp\/v2\/comments?post=535"}],"version-history":[{"count":820,"href":"https:\/\/bonottoconsultoria.com.br\/index.php\/wp-json\/wp\/v2\/pages\/535\/revisions"}],"predecessor-version":[{"id":20788,"href":"https:\/\/bonottoconsultoria.com.br\/index.php\/wp-json\/wp\/v2\/pages\/535\/revisions\/20788"}],"wp:attachment":[{"href":"https:\/\/bonottoconsultoria.com.br\/index.php\/wp-json\/wp\/v2\/media?parent=535"}],"curies":[{"name":"wp","href":"https:\/\/api.w.org\/{rel}","templated":true}]}}