{"id":2452,"date":"2023-07-11T11:54:45","date_gmt":"2023-07-11T14:54:45","guid":{"rendered":"https:\/\/bonottoconsultoria.com.br\/?page_id=2452"},"modified":"2023-11-01T11:54:50","modified_gmt":"2023-11-01T14:54:50","slug":"divorcio","status":"publish","type":"page","link":"https:\/\/bonottoconsultoria.com.br\/index.php\/divorcio\/","title":{"rendered":"Div\u00f3rcio"},"content":{"rendered":"\t\t<div data-elementor-type=\"wp-page\" data-elementor-id=\"2452\" class=\"elementor elementor-2452\" data-elementor-post-type=\"page\">\n\t\t\t\t<div class=\"elementor-element elementor-element-560cdd2 e-flex e-con-boxed e-con e-parent\" data-id=\"560cdd2\" data-element_type=\"container\" data-settings=\"{&quot;background_background&quot;:&quot;classic&quot;}\">\n\t\t\t\t\t<div class=\"e-con-inner\">\n\t\t<div class=\"elementor-element elementor-element-fbc042d e-flex e-con-boxed e-con e-child\" data-id=\"fbc042d\" data-element_type=\"container\">\n\t\t\t\t\t<div class=\"e-con-inner\">\n\t\t\t\t<div class=\"elementor-element elementor-element-ce2170c elementor-widget elementor-widget-heading\" data-id=\"ce2170c\" data-element_type=\"widget\" data-widget_type=\"heading.default\">\n\t\t\t\t<div class=\"elementor-widget-container\">\n\t\t\t<style>\/*! elementor - v3.21.0 - 26-05-2024 *\/\n.elementor-heading-title{padding:0;margin:0;line-height:1}.elementor-widget-heading .elementor-heading-title[class*=elementor-size-]>a{color:inherit;font-size:inherit;line-height:inherit}.elementor-widget-heading .elementor-heading-title.elementor-size-small{font-size:15px}.elementor-widget-heading .elementor-heading-title.elementor-size-medium{font-size:19px}.elementor-widget-heading .elementor-heading-title.elementor-size-large{font-size:29px}.elementor-widget-heading .elementor-heading-title.elementor-size-xl{font-size:39px}.elementor-widget-heading .elementor-heading-title.elementor-size-xxl{font-size:59px}<\/style><h1 class=\"elementor-heading-title elementor-size-default\">DIV\u00d3RCIO<\/h1>\t\t<\/div>\n\t\t\t\t<\/div>\n\t\t\t\t\t<\/div>\n\t\t\t\t<\/div>\n\t\t\t\t\t<\/div>\n\t\t\t\t<\/div>\n\t\t<div class=\"elementor-element elementor-element-e7efa10 e-flex e-con-boxed e-con e-parent\" data-id=\"e7efa10\" data-element_type=\"container\">\n\t\t\t\t\t<div class=\"e-con-inner\">\n\t\t<div class=\"elementor-element elementor-element-07f90c5 e-con-full e-flex e-con e-child\" data-id=\"07f90c5\" data-element_type=\"container\">\n\t\t\t\t<div class=\"elementor-element elementor-element-1eaa920 elementor-widget elementor-widget-heading\" data-id=\"1eaa920\" data-element_type=\"widget\" data-widget_type=\"heading.default\">\n\t\t\t\t<div class=\"elementor-widget-container\">\n\t\t\t<h2 class=\"elementor-heading-title elementor-size-default\">FIM DO RELACIONAMENTO<\/h2>\t\t<\/div>\n\t\t\t\t<\/div>\n\t\t\t\t<\/div>\n\t\t<div class=\"elementor-element elementor-element-5738616 e-con-full e-flex e-con e-child\" data-id=\"5738616\" data-element_type=\"container\">\n\t\t\t\t<div class=\"elementor-element elementor-element-323e9f6 elementor-widget elementor-widget-image\" data-id=\"323e9f6\" data-element_type=\"widget\" data-widget_type=\"image.default\">\n\t\t\t\t<div class=\"elementor-widget-container\">\n\t\t\t<style>\/*! elementor - v3.21.0 - 26-05-2024 *\/\n.elementor-widget-image{text-align:center}.elementor-widget-image a{display:inline-block}.elementor-widget-image a img[src$=\".svg\"]{width:48px}.elementor-widget-image img{vertical-align:middle;display:inline-block}<\/style>\t\t\t\t\t\t\t\t\t\t<img fetchpriority=\"high\" decoding=\"async\" width=\"800\" height=\"450\" src=\"https:\/\/bonottoconsultoria.com.br\/wp-content\/uploads\/2023\/09\/ARQUIVO-FOTOS-OTIMIZADAS-7-1024x576.jpg\" class=\"attachment-large size-large wp-image-12687\" alt=\"\" srcset=\"https:\/\/bonottoconsultoria.com.br\/wp-content\/uploads\/2023\/09\/ARQUIVO-FOTOS-OTIMIZADAS-7-1024x576.jpg 1024w, https:\/\/bonottoconsultoria.com.br\/wp-content\/uploads\/2023\/09\/ARQUIVO-FOTOS-OTIMIZADAS-7-300x169.jpg 300w, https:\/\/bonottoconsultoria.com.br\/wp-content\/uploads\/2023\/09\/ARQUIVO-FOTOS-OTIMIZADAS-7-768x432.jpg 768w, https:\/\/bonottoconsultoria.com.br\/wp-content\/uploads\/2023\/09\/ARQUIVO-FOTOS-OTIMIZADAS-7-1536x864.jpg 1536w, https:\/\/bonottoconsultoria.com.br\/wp-content\/uploads\/2023\/09\/ARQUIVO-FOTOS-OTIMIZADAS-7.jpg 1920w\" sizes=\"(max-width: 800px) 100vw, 800px\" \/>\t\t\t\t\t\t\t\t\t\t\t\t\t<\/div>\n\t\t\t\t<\/div>\n\t\t\t\t<\/div>\n\t\t\t\t\t<\/div>\n\t\t\t\t<\/div>\n\t\t<div class=\"elementor-element elementor-element-89c7b5e e-flex e-con-boxed e-con e-parent\" data-id=\"89c7b5e\" data-element_type=\"container\">\n\t\t\t\t\t<div class=\"e-con-inner\">\n\t\t<div class=\"elementor-element elementor-element-4c3c480 e-con-full e-flex e-con e-child\" data-id=\"4c3c480\" data-element_type=\"container\">\n\t\t\t\t<div class=\"elementor-element elementor-element-2c49392 elementor-widget elementor-widget-image\" data-id=\"2c49392\" data-element_type=\"widget\" data-widget_type=\"image.default\">\n\t\t\t\t<div class=\"elementor-widget-container\">\n\t\t\t\t\t\t\t\t\t\t\t\t\t<img decoding=\"async\" width=\"800\" height=\"450\" src=\"https:\/\/bonottoconsultoria.com.br\/wp-content\/uploads\/2023\/09\/ARQUIVO-FOTOS-OTIMIZADAS-8-1024x576.jpg\" class=\"attachment-large size-large wp-image-12703\" alt=\"\" srcset=\"https:\/\/bonottoconsultoria.com.br\/wp-content\/uploads\/2023\/09\/ARQUIVO-FOTOS-OTIMIZADAS-8-1024x576.jpg 1024w, https:\/\/bonottoconsultoria.com.br\/wp-content\/uploads\/2023\/09\/ARQUIVO-FOTOS-OTIMIZADAS-8-300x169.jpg 300w, https:\/\/bonottoconsultoria.com.br\/wp-content\/uploads\/2023\/09\/ARQUIVO-FOTOS-OTIMIZADAS-8-768x432.jpg 768w, https:\/\/bonottoconsultoria.com.br\/wp-content\/uploads\/2023\/09\/ARQUIVO-FOTOS-OTIMIZADAS-8-1536x864.jpg 1536w, https:\/\/bonottoconsultoria.com.br\/wp-content\/uploads\/2023\/09\/ARQUIVO-FOTOS-OTIMIZADAS-8.jpg 1920w\" sizes=\"(max-width: 800px) 100vw, 800px\" \/>\t\t\t\t\t\t\t\t\t\t\t\t\t<\/div>\n\t\t\t\t<\/div>\n\t\t\t\t<\/div>\n\t\t<div class=\"elementor-element elementor-element-f7cc006 e-con-full e-flex e-con e-child\" data-id=\"f7cc006\" data-element_type=\"container\">\n\t\t\t\t<div class=\"elementor-element elementor-element-b2b0777 elementor-widget elementor-widget-text-editor\" data-id=\"b2b0777\" data-element_type=\"widget\" data-widget_type=\"text-editor.default\">\n\t\t\t\t<div class=\"elementor-widget-container\">\n\t\t\t<style>\/*! elementor - v3.21.0 - 26-05-2024 *\/\n.elementor-widget-text-editor.elementor-drop-cap-view-stacked .elementor-drop-cap{background-color:#69727d;color:#fff}.elementor-widget-text-editor.elementor-drop-cap-view-framed .elementor-drop-cap{color:#69727d;border:3px solid;background-color:transparent}.elementor-widget-text-editor:not(.elementor-drop-cap-view-default) .elementor-drop-cap{margin-top:8px}.elementor-widget-text-editor:not(.elementor-drop-cap-view-default) .elementor-drop-cap-letter{width:1em;height:1em}.elementor-widget-text-editor .elementor-drop-cap{float:left;text-align:center;line-height:1;font-size:50px}.elementor-widget-text-editor .elementor-drop-cap-letter{display:inline-block}<\/style>\t\t\t\t<p>Caso o requerente seja divorciado judicialmente o processo dever\u00e1 ser desarquivado para apresenta\u00e7\u00e3o junto com a documenta\u00e7\u00e3o que se destina \u00e0 It\u00e1lia. Se o div\u00f3rcio foi feito atrav\u00e9s de Escritura P\u00fablica de Div\u00f3rcio dever\u00e1 tamb\u00e9m ser apresentado com a documenta\u00e7\u00e3o. Tanto o desarquivamento de processo judicial quanto a obten\u00e7\u00e3o da Escritura P\u00fablica de Div\u00f3rcio s\u00e3o dois servi\u00e7os oferecidos por nosso escrit\u00f3rio.<\/p>\t\t\t\t\t\t<\/div>\n\t\t\t\t<\/div>\n\t\t\t\t<\/div>\n\t\t\t\t\t<\/div>\n\t\t\t\t<\/div>\n\t\t<div class=\"elementor-element elementor-element-cb39f06 e-flex e-con-boxed e-con e-parent\" data-id=\"cb39f06\" data-element_type=\"container\" data-settings=\"{&quot;background_background&quot;:&quot;classic&quot;}\">\n\t\t\t\t\t<div class=\"e-con-inner\">\n\t\t\t\t<div class=\"elementor-element elementor-element-6ee313c elementor-widget elementor-widget-heading\" data-id=\"6ee313c\" data-element_type=\"widget\" data-widget_type=\"heading.default\">\n\t\t\t\t<div class=\"elementor-widget-container\">\n\t\t\t<h2 class=\"elementor-heading-title elementor-size-default\">DOCUMENTA\u00c7\u00c3O NECESS\u00c1RIA PARA RECONHECIMENTO DO DIV\u00d3RCIO NA IT\u00c1LIA\n<\/h2>\t\t<\/div>\n\t\t\t\t<\/div>\n\t\t\t\t\t<\/div>\n\t\t\t\t<\/div>\n\t\t<div class=\"elementor-element elementor-element-bcb08aa e-flex e-con-boxed e-con e-parent\" data-id=\"bcb08aa\" data-element_type=\"container\">\n\t\t\t\t\t<div class=\"e-con-inner\">\n\t\t<div class=\"elementor-element elementor-element-bf4ddb1 e-con-full e-flex e-con e-child\" data-id=\"bf4ddb1\" data-element_type=\"container\">\n\t\t\t\t<div class=\"elementor-element elementor-element-47d16e4 elementor-widget elementor-widget-text-editor\" data-id=\"47d16e4\" data-element_type=\"widget\" data-widget_type=\"text-editor.default\">\n\t\t\t\t<div class=\"elementor-widget-container\">\n\t\t\t\t\t\t\t<ul><li>Certid\u00e3o de Objeto e P\u00e9 relativa ao processo de div\u00f3rcio.<\/li><li>Fotoc\u00f3pia do processo judicial de div\u00f3rcio, autenticada pelo Tribunal, desde a peti\u00e7\u00e3o inicial at\u00e9 a senten\u00e7a final, com carimbo do tr\u00e2nsito em julgado.<\/li><li><span style=\"text-decoration: underline;\">Tradu\u00e7\u00e3o juramentada, acompanhada de Apostila de Haia, das seguintes pe\u00e7as principais:<\/span><\/li><li>Peti\u00e7\u00e3o Inicial;<\/li><li>Ata de Instru\u00e7\u00e3o e Julgamento;<\/li><li>Senten\u00e7a;<\/li><li>Tr\u00e2nsito em Julgado.<\/li><\/ul>\t\t\t\t\t\t<\/div>\n\t\t\t\t<\/div>\n\t\t\t\t<\/div>\n\t\t<div class=\"elementor-element elementor-element-8f2be31 e-con-full e-flex e-con e-child\" data-id=\"8f2be31\" data-element_type=\"container\">\n\t\t\t\t<div class=\"elementor-element elementor-element-1165f04 elementor-widget elementor-widget-image\" data-id=\"1165f04\" data-element_type=\"widget\" data-widget_type=\"image.default\">\n\t\t\t\t<div class=\"elementor-widget-container\">\n\t\t\t\t\t\t\t\t\t\t\t\t\t<img decoding=\"async\" width=\"800\" height=\"450\" src=\"https:\/\/bonottoconsultoria.com.br\/wp-content\/uploads\/2023\/09\/ARQUIVO-FOTOS-OTIMIZADAS-9-1024x576.jpg\" class=\"attachment-large size-large wp-image-12722\" alt=\"\" srcset=\"https:\/\/bonottoconsultoria.com.br\/wp-content\/uploads\/2023\/09\/ARQUIVO-FOTOS-OTIMIZADAS-9-1024x576.jpg 1024w, https:\/\/bonottoconsultoria.com.br\/wp-content\/uploads\/2023\/09\/ARQUIVO-FOTOS-OTIMIZADAS-9-300x169.jpg 300w, https:\/\/bonottoconsultoria.com.br\/wp-content\/uploads\/2023\/09\/ARQUIVO-FOTOS-OTIMIZADAS-9-768x432.jpg 768w, https:\/\/bonottoconsultoria.com.br\/wp-content\/uploads\/2023\/09\/ARQUIVO-FOTOS-OTIMIZADAS-9-1536x864.jpg 1536w, https:\/\/bonottoconsultoria.com.br\/wp-content\/uploads\/2023\/09\/ARQUIVO-FOTOS-OTIMIZADAS-9.jpg 1920w\" sizes=\"(max-width: 800px) 100vw, 800px\" \/>\t\t\t\t\t\t\t\t\t\t\t\t\t<\/div>\n\t\t\t\t<\/div>\n\t\t\t\t<\/div>\n\t\t\t\t\t<\/div>\n\t\t\t\t<\/div>\n\t\t<div class=\"elementor-element elementor-element-9c11f0b e-flex e-con-boxed e-con e-parent\" data-id=\"9c11f0b\" data-element_type=\"container\" data-settings=\"{&quot;background_background&quot;:&quot;classic&quot;}\">\n\t\t\t\t\t<div class=\"e-con-inner\">\n\t\t\t\t<div class=\"elementor-element elementor-element-48a2740 elementor-cta--skin-cover elementor-animated-content elementor-bg-transform elementor-bg-transform-zoom-in elementor-widget elementor-widget-call-to-action\" data-id=\"48a2740\" data-element_type=\"widget\" data-widget_type=\"call-to-action.default\">\n\t\t\t\t<div class=\"elementor-widget-container\">\n\t\t\t<link rel=\"stylesheet\" href=\"https:\/\/bonottoconsultoria.com.br\/wp-content\/uploads\/elementor\/css\/custom-pro-widget-call-to-action.min.css?ver=1718464934\">\t\t<div class=\"elementor-cta\">\n\t\t\t\t\t<div class=\"elementor-cta__bg-wrapper\">\n\t\t\t\t<div class=\"elementor-cta__bg elementor-bg\" style=\"background-image: url(https:\/\/bonottoconsultoria.com.br\/wp-content\/uploads\/2023\/09\/CHAMADA-PARA-ACAO-14-10-1024x576.jpg);\" role=\"img\" aria-label=\"\"><\/div>\n\t\t\t\t<div class=\"elementor-cta__bg-overlay\"><\/div>\n\t\t\t<\/div>\n\t\t\t\t\t\t\t<div class=\"elementor-cta__content\">\n\t\t\t\t\n\t\t\t\t\t\t\t\t\t<h3 class=\"elementor-cta__title elementor-cta__content-item elementor-content-item elementor-animated-item--shrink\">\n\t\t\t\t\t\tPRECISA DESARQUIVAR SEU PROCESSO OU ESCRITURA P\u00daBLICA DE DIV\u00d3RCIO?\t\t\t\t\t<\/h3>\n\t\t\t\t\n\t\t\t\t\t\t\t\t\t<div class=\"elementor-cta__description elementor-cta__content-item elementor-content-item elementor-animated-item--shrink\">\n\t\t\t\t\t\tNosso departamento jur\u00eddico faz isso pra voc\u00ea.\t\t\t\t\t<\/div>\n\t\t\t\t\n\t\t\t\t\t\t\t\t\t<div class=\"elementor-cta__button-wrapper elementor-cta__content-item elementor-content-item elementor-animated-item--shrink\">\n\t\t\t\t\t<a class=\"elementor-cta__button elementor-button elementor-size-sm\" href=\"https:\/\/bonottoconsultoria.com.br\/index.php\/formulario-servicos\/\">\n\t\t\t\t\t\tQUERO ESSE SERVI\u00c7O\t\t\t\t\t<\/a>\n\t\t\t\t\t<\/div>\n\t\t\t\t\t\t\t<\/div>\n\t\t\t\t\t\t<\/div>\n\t\t\t\t<\/div>\n\t\t\t\t<\/div>\n\t\t\t\t\t<\/div>\n\t\t\t\t<\/div>\n\t\t\t\t<\/div>\n\t\t","protected":false},"excerpt":{"rendered":"<p>DIV\u00d3RCIO FIM DO RELACIONAMENTO Caso o requerente seja divorciado judicialmente o processo dever\u00e1 ser desarquivado para apresenta\u00e7\u00e3o junto com a documenta\u00e7\u00e3o que se destina \u00e0 It\u00e1lia. Se o div\u00f3rcio foi feito atrav\u00e9s de Escritura P\u00fablica de Div\u00f3rcio dever\u00e1 tamb\u00e9m ser apresentado com a documenta\u00e7\u00e3o. Tanto o desarquivamento de processo judicial quanto a obten\u00e7\u00e3o da Escritura [&hellip;]<\/p>\n","protected":false},"author":1,"featured_media":0,"parent":0,"menu_order":0,"comment_status":"closed","ping_status":"closed","template":"elementor_header_footer","meta":{"_monsterinsights_skip_tracking":false,"_monsterinsights_sitenote_active":false,"_monsterinsights_sitenote_note":"","_monsterinsights_sitenote_category":0,"footnotes":""},"class_list":["post-2452","page","type-page","status-publish","hentry"],"aioseo_notices":[],"_links":{"self":[{"href":"https:\/\/bonottoconsultoria.com.br\/index.php\/wp-json\/wp\/v2\/pages\/2452","targetHints":{"allow":["GET"]}}],"collection":[{"href":"https:\/\/bonottoconsultoria.com.br\/index.php\/wp-json\/wp\/v2\/pages"}],"about":[{"href":"https:\/\/bonottoconsultoria.com.br\/index.php\/wp-json\/wp\/v2\/types\/page"}],"author":[{"embeddable":true,"href":"https:\/\/bonottoconsultoria.com.br\/index.php\/wp-json\/wp\/v2\/users\/1"}],"replies":[{"embeddable":true,"href":"https:\/\/bonottoconsultoria.com.br\/index.php\/wp-json\/wp\/v2\/comments?post=2452"}],"version-history":[{"count":430,"href":"https:\/\/bonottoconsultoria.com.br\/index.php\/wp-json\/wp\/v2\/pages\/2452\/revisions"}],"predecessor-version":[{"id":20730,"href":"https:\/\/bonottoconsultoria.com.br\/index.php\/wp-json\/wp\/v2\/pages\/2452\/revisions\/20730"}],"wp:attachment":[{"href":"https:\/\/bonottoconsultoria.com.br\/index.php\/wp-json\/wp\/v2\/media?parent=2452"}],"curies":[{"name":"wp","href":"https:\/\/api.w.org\/{rel}","templated":true}]}}