{"id":2337,"date":"2023-07-11T10:39:37","date_gmt":"2023-07-11T13:39:37","guid":{"rendered":"https:\/\/bonottoconsultoria.com.br\/?page_id=2337"},"modified":"2023-10-29T13:24:45","modified_gmt":"2023-10-29T16:24:45","slug":"apostila-de-haia","status":"publish","type":"page","link":"https:\/\/bonottoconsultoria.com.br\/index.php\/apostila-de-haia\/","title":{"rendered":"Apostila de Haia"},"content":{"rendered":"\t\t<div data-elementor-type=\"wp-page\" data-elementor-id=\"2337\" class=\"elementor elementor-2337\" data-elementor-post-type=\"page\">\n\t\t\t\t<div class=\"elementor-element elementor-element-b35380c e-flex e-con-boxed e-con e-parent\" data-id=\"b35380c\" data-element_type=\"container\" data-settings=\"{&quot;background_background&quot;:&quot;classic&quot;}\">\n\t\t\t\t\t<div class=\"e-con-inner\">\n\t\t<div class=\"elementor-element elementor-element-ce15aa7 e-flex e-con-boxed e-con e-child\" data-id=\"ce15aa7\" data-element_type=\"container\">\n\t\t\t\t\t<div class=\"e-con-inner\">\n\t\t\t\t<div class=\"elementor-element elementor-element-987ecf8 elementor-widget elementor-widget-heading\" data-id=\"987ecf8\" data-element_type=\"widget\" data-widget_type=\"heading.default\">\n\t\t\t\t<div class=\"elementor-widget-container\">\n\t\t\t<style>\/*! elementor - v3.21.0 - 26-05-2024 *\/\n.elementor-heading-title{padding:0;margin:0;line-height:1}.elementor-widget-heading .elementor-heading-title[class*=elementor-size-]>a{color:inherit;font-size:inherit;line-height:inherit}.elementor-widget-heading .elementor-heading-title.elementor-size-small{font-size:15px}.elementor-widget-heading .elementor-heading-title.elementor-size-medium{font-size:19px}.elementor-widget-heading .elementor-heading-title.elementor-size-large{font-size:29px}.elementor-widget-heading .elementor-heading-title.elementor-size-xl{font-size:39px}.elementor-widget-heading .elementor-heading-title.elementor-size-xxl{font-size:59px}<\/style><h1 class=\"elementor-heading-title elementor-size-default\">APOSTILA DE HAIA<\/h1>\t\t<\/div>\n\t\t\t\t<\/div>\n\t\t\t\t\t<\/div>\n\t\t\t\t<\/div>\n\t\t\t\t\t<\/div>\n\t\t\t\t<\/div>\n\t\t<div class=\"elementor-element elementor-element-b05eec3 e-flex e-con-boxed e-con e-parent\" data-id=\"b05eec3\" data-element_type=\"container\">\n\t\t\t\t\t<div class=\"e-con-inner\">\n\t\t<div class=\"elementor-element elementor-element-41d7716 e-con-full e-flex e-con e-child\" data-id=\"41d7716\" data-element_type=\"container\">\n\t\t\t\t<div class=\"elementor-element elementor-element-b883098 elementor-widget elementor-widget-image\" data-id=\"b883098\" data-element_type=\"widget\" data-widget_type=\"image.default\">\n\t\t\t\t<div class=\"elementor-widget-container\">\n\t\t\t<style>\/*! elementor - v3.21.0 - 26-05-2024 *\/\n.elementor-widget-image{text-align:center}.elementor-widget-image a{display:inline-block}.elementor-widget-image a img[src$=\".svg\"]{width:48px}.elementor-widget-image img{vertical-align:middle;display:inline-block}<\/style>\t\t\t\t\t\t\t\t\t\t<img fetchpriority=\"high\" decoding=\"async\" width=\"700\" height=\"300\" src=\"https:\/\/bonottoconsultoria.com.br\/wp-content\/uploads\/2023\/09\/apostila-de-haia-2-1.jpg\" class=\"attachment-large size-large wp-image-12220\" alt=\"\" srcset=\"https:\/\/bonottoconsultoria.com.br\/wp-content\/uploads\/2023\/09\/apostila-de-haia-2-1.jpg 700w, https:\/\/bonottoconsultoria.com.br\/wp-content\/uploads\/2023\/09\/apostila-de-haia-2-1-300x129.jpg 300w\" sizes=\"(max-width: 700px) 100vw, 700px\" \/>\t\t\t\t\t\t\t\t\t\t\t\t\t<\/div>\n\t\t\t\t<\/div>\n\t\t\t\t<\/div>\n\t\t<div class=\"elementor-element elementor-element-e75c522 e-con-full e-flex e-con e-child\" data-id=\"e75c522\" data-element_type=\"container\">\n\t\t\t\t<div class=\"elementor-element elementor-element-db346a4 elementor-widget elementor-widget-text-editor\" data-id=\"db346a4\" data-element_type=\"widget\" data-widget_type=\"text-editor.default\">\n\t\t\t\t<div class=\"elementor-widget-container\">\n\t\t\t<style>\/*! elementor - v3.21.0 - 26-05-2024 *\/\n.elementor-widget-text-editor.elementor-drop-cap-view-stacked .elementor-drop-cap{background-color:#69727d;color:#fff}.elementor-widget-text-editor.elementor-drop-cap-view-framed .elementor-drop-cap{color:#69727d;border:3px solid;background-color:transparent}.elementor-widget-text-editor:not(.elementor-drop-cap-view-default) .elementor-drop-cap{margin-top:8px}.elementor-widget-text-editor:not(.elementor-drop-cap-view-default) .elementor-drop-cap-letter{width:1em;height:1em}.elementor-widget-text-editor .elementor-drop-cap{float:left;text-align:center;line-height:1;font-size:50px}.elementor-widget-text-editor .elementor-drop-cap-letter{display:inline-block}<\/style>\t\t\t\t<p>A Apostila de Haia \u00e9 um certificado de autenticidade emitido por pa\u00edses signat\u00e1rios da Conven\u00e7\u00e3o de Haia, que \u00e9 aposto em um documento p\u00fablico para atestar sua origem (assinatura, cargo de agente p\u00fablico, selo ou carimbo de institui\u00e7\u00e3o). Esse documento p\u00fablico apostilado ser\u00e1 apresentado em outro pa\u00eds, tamb\u00e9m signat\u00e1rio da Conven\u00e7\u00e3o de Haia, uma vez que a Apostila s\u00f3 \u00e9 v\u00e1lida entre pa\u00edses signat\u00e1rios.<\/p>\t\t\t\t\t\t<\/div>\n\t\t\t\t<\/div>\n\t\t\t\t<\/div>\n\t\t\t\t\t<\/div>\n\t\t\t\t<\/div>\n\t\t<div class=\"elementor-element elementor-element-c5fe069 e-flex e-con-boxed e-con e-parent\" data-id=\"c5fe069\" data-element_type=\"container\" data-settings=\"{&quot;background_background&quot;:&quot;classic&quot;}\">\n\t\t\t\t\t<div class=\"e-con-inner\">\n\t\t\t\t<div class=\"elementor-element elementor-element-fe1af54 elementor-cta--skin-cover elementor-animated-content elementor-bg-transform elementor-bg-transform-zoom-in elementor-widget elementor-widget-call-to-action\" data-id=\"fe1af54\" data-element_type=\"widget\" data-widget_type=\"call-to-action.default\">\n\t\t\t\t<div class=\"elementor-widget-container\">\n\t\t\t<link rel=\"stylesheet\" href=\"https:\/\/bonottoconsultoria.com.br\/wp-content\/uploads\/elementor\/css\/custom-pro-widget-call-to-action.min.css?ver=1718464934\">\t\t<div class=\"elementor-cta\">\n\t\t\t\t\t<div class=\"elementor-cta__bg-wrapper\">\n\t\t\t\t<div class=\"elementor-cta__bg elementor-bg\" style=\"background-image: url(https:\/\/bonottoconsultoria.com.br\/wp-content\/uploads\/2023\/10\/CHAMADA-PARA-ACAO-14-18-1024x576.jpg);\" role=\"img\" aria-label=\"\"><\/div>\n\t\t\t\t<div class=\"elementor-cta__bg-overlay\"><\/div>\n\t\t\t<\/div>\n\t\t\t\t\t\t\t<div class=\"elementor-cta__content\">\n\t\t\t\t\n\t\t\t\t\t\t\t\t\t<h3 class=\"elementor-cta__title elementor-cta__content-item elementor-content-item elementor-animated-item--shrink\">\n\t\t\t\t\t\tPRECISA APOSTILAR SEUS DOCUMENTOS?\t\t\t\t\t<\/h3>\n\t\t\t\t\n\t\t\t\t\n\t\t\t\t\t\t\t\t\t<div class=\"elementor-cta__button-wrapper elementor-cta__content-item elementor-content-item elementor-animated-item--shrink\">\n\t\t\t\t\t<a class=\"elementor-cta__button elementor-button elementor-size-sm\" href=\"https:\/\/bonottoconsultoria.com.br\/index.php\/formulario-servicos\/\">\n\t\t\t\t\t\tQUERO ESSE SERVI\u00c7O\t\t\t\t\t<\/a>\n\t\t\t\t\t<\/div>\n\t\t\t\t\t\t\t<\/div>\n\t\t\t\t\t\t<\/div>\n\t\t\t\t<\/div>\n\t\t\t\t<\/div>\n\t\t\t\t\t<\/div>\n\t\t\t\t<\/div>\n\t\t\t\t<\/div>\n\t\t","protected":false},"excerpt":{"rendered":"<p>APOSTILA DE HAIA A Apostila de Haia \u00e9 um certificado de autenticidade emitido por pa\u00edses signat\u00e1rios da Conven\u00e7\u00e3o de Haia, que \u00e9 aposto em um documento p\u00fablico para atestar sua origem (assinatura, cargo de agente p\u00fablico, selo ou carimbo de institui\u00e7\u00e3o). Esse documento p\u00fablico apostilado ser\u00e1 apresentado em outro pa\u00eds, tamb\u00e9m signat\u00e1rio da Conven\u00e7\u00e3o de [&hellip;]<\/p>\n","protected":false},"author":1,"featured_media":0,"parent":0,"menu_order":0,"comment_status":"closed","ping_status":"closed","template":"elementor_header_footer","meta":{"_monsterinsights_skip_tracking":false,"_monsterinsights_sitenote_active":false,"_monsterinsights_sitenote_note":"","_monsterinsights_sitenote_category":0,"footnotes":""},"class_list":["post-2337","page","type-page","status-publish","hentry"],"aioseo_notices":[],"_links":{"self":[{"href":"https:\/\/bonottoconsultoria.com.br\/index.php\/wp-json\/wp\/v2\/pages\/2337","targetHints":{"allow":["GET"]}}],"collection":[{"href":"https:\/\/bonottoconsultoria.com.br\/index.php\/wp-json\/wp\/v2\/pages"}],"about":[{"href":"https:\/\/bonottoconsultoria.com.br\/index.php\/wp-json\/wp\/v2\/types\/page"}],"author":[{"embeddable":true,"href":"https:\/\/bonottoconsultoria.com.br\/index.php\/wp-json\/wp\/v2\/users\/1"}],"replies":[{"embeddable":true,"href":"https:\/\/bonottoconsultoria.com.br\/index.php\/wp-json\/wp\/v2\/comments?post=2337"}],"version-history":[{"count":226,"href":"https:\/\/bonottoconsultoria.com.br\/index.php\/wp-json\/wp\/v2\/pages\/2337\/revisions"}],"predecessor-version":[{"id":20148,"href":"https:\/\/bonottoconsultoria.com.br\/index.php\/wp-json\/wp\/v2\/pages\/2337\/revisions\/20148"}],"wp:attachment":[{"href":"https:\/\/bonottoconsultoria.com.br\/index.php\/wp-json\/wp\/v2\/media?parent=2337"}],"curies":[{"name":"wp","href":"https:\/\/api.w.org\/{rel}","templated":true}]}}