{"id":2005,"date":"2023-07-10T20:26:44","date_gmt":"2023-07-10T23:26:44","guid":{"rendered":"https:\/\/bonottoconsultoria.com.br\/?page_id=2005"},"modified":"2023-10-30T08:32:12","modified_gmt":"2023-10-30T11:32:12","slug":"impedimentos-para-reconhecimento-da-cidadania-italiana","status":"publish","type":"page","link":"https:\/\/bonottoconsultoria.com.br\/index.php\/impedimentos-para-reconhecimento-da-cidadania-italiana\/","title":{"rendered":"Impedimentos para reconhecimento da Cidadania Italiana"},"content":{"rendered":"\t\t<div data-elementor-type=\"wp-page\" data-elementor-id=\"2005\" class=\"elementor elementor-2005\" data-elementor-post-type=\"page\">\n\t\t\t\t<div class=\"elementor-element elementor-element-debc763 e-flex e-con-boxed e-con e-parent\" data-id=\"debc763\" data-element_type=\"container\" data-settings=\"{&quot;background_background&quot;:&quot;classic&quot;}\">\n\t\t\t\t\t<div class=\"e-con-inner\">\n\t\t<div class=\"elementor-element elementor-element-005cd6d e-flex e-con-boxed e-con e-child\" data-id=\"005cd6d\" data-element_type=\"container\">\n\t\t\t\t\t<div class=\"e-con-inner\">\n\t\t\t\t<div class=\"elementor-element elementor-element-5885ed0 elementor-widget-tablet_extra__width-initial elementor-widget elementor-widget-heading\" data-id=\"5885ed0\" data-element_type=\"widget\" data-widget_type=\"heading.default\">\n\t\t\t\t<div class=\"elementor-widget-container\">\n\t\t\t<style>\/*! elementor - v3.21.0 - 26-05-2024 *\/\n.elementor-heading-title{padding:0;margin:0;line-height:1}.elementor-widget-heading .elementor-heading-title[class*=elementor-size-]>a{color:inherit;font-size:inherit;line-height:inherit}.elementor-widget-heading .elementor-heading-title.elementor-size-small{font-size:15px}.elementor-widget-heading .elementor-heading-title.elementor-size-medium{font-size:19px}.elementor-widget-heading .elementor-heading-title.elementor-size-large{font-size:29px}.elementor-widget-heading .elementor-heading-title.elementor-size-xl{font-size:39px}.elementor-widget-heading .elementor-heading-title.elementor-size-xxl{font-size:59px}<\/style><h1 class=\"elementor-heading-title elementor-size-default\">IMPEDIMENTOS PARA O RECONHECIMENTO DA CIDADANIA ITALIANA<\/h1>\t\t<\/div>\n\t\t\t\t<\/div>\n\t\t\t\t\t<\/div>\n\t\t\t\t<\/div>\n\t\t\t\t\t<\/div>\n\t\t\t\t<\/div>\n\t\t<div class=\"elementor-element elementor-element-375919c e-flex e-con-boxed e-con e-parent\" data-id=\"375919c\" data-element_type=\"container\">\n\t\t\t\t\t<div class=\"e-con-inner\">\n\t\t<div class=\"elementor-element elementor-element-0ccb7fd e-con-full e-flex e-con e-child\" data-id=\"0ccb7fd\" data-element_type=\"container\">\n\t\t\t\t<div class=\"elementor-element elementor-element-00e09e7 elementor-widget elementor-widget-image\" data-id=\"00e09e7\" data-element_type=\"widget\" data-widget_type=\"image.default\">\n\t\t\t\t<div class=\"elementor-widget-container\">\n\t\t\t<style>\/*! elementor - v3.21.0 - 26-05-2024 *\/\n.elementor-widget-image{text-align:center}.elementor-widget-image a{display:inline-block}.elementor-widget-image a img[src$=\".svg\"]{width:48px}.elementor-widget-image img{vertical-align:middle;display:inline-block}<\/style>\t\t\t\t\t\t\t\t\t\t<img fetchpriority=\"high\" decoding=\"async\" width=\"800\" height=\"450\" src=\"https:\/\/bonottoconsultoria.com.br\/wp-content\/uploads\/2023\/09\/11-1-1024x576.jpg\" class=\"attachment-large size-large wp-image-16265\" alt=\"\" srcset=\"https:\/\/bonottoconsultoria.com.br\/wp-content\/uploads\/2023\/09\/11-1-1024x576.jpg 1024w, https:\/\/bonottoconsultoria.com.br\/wp-content\/uploads\/2023\/09\/11-1-300x169.jpg 300w, https:\/\/bonottoconsultoria.com.br\/wp-content\/uploads\/2023\/09\/11-1-768x432.jpg 768w, https:\/\/bonottoconsultoria.com.br\/wp-content\/uploads\/2023\/09\/11-1-1536x864.jpg 1536w, https:\/\/bonottoconsultoria.com.br\/wp-content\/uploads\/2023\/09\/11-1.jpg 1920w\" sizes=\"(max-width: 800px) 100vw, 800px\" \/>\t\t\t\t\t\t\t\t\t\t\t\t\t<\/div>\n\t\t\t\t<\/div>\n\t\t\t\t<\/div>\n\t\t<div class=\"elementor-element elementor-element-e73397d e-con-full e-flex e-con e-child\" data-id=\"e73397d\" data-element_type=\"container\">\n\t\t\t\t<div class=\"elementor-element elementor-element-97afe5e elementor-widget elementor-widget-heading\" data-id=\"97afe5e\" data-element_type=\"widget\" data-widget_type=\"heading.default\">\n\t\t\t\t<div class=\"elementor-widget-container\">\n\t\t\t<h2 class=\"elementor-heading-title elementor-size-default\">AUS\u00caNCIA DE CERTID\u00d5ES<\/h2>\t\t<\/div>\n\t\t\t\t<\/div>\n\t\t\t\t<div class=\"elementor-element elementor-element-8b39a87 elementor-widget elementor-widget-text-editor\" data-id=\"8b39a87\" data-element_type=\"widget\" data-widget_type=\"text-editor.default\">\n\t\t\t\t<div class=\"elementor-widget-container\">\n\t\t\t<style>\/*! elementor - v3.21.0 - 26-05-2024 *\/\n.elementor-widget-text-editor.elementor-drop-cap-view-stacked .elementor-drop-cap{background-color:#69727d;color:#fff}.elementor-widget-text-editor.elementor-drop-cap-view-framed .elementor-drop-cap{color:#69727d;border:3px solid;background-color:transparent}.elementor-widget-text-editor:not(.elementor-drop-cap-view-default) .elementor-drop-cap{margin-top:8px}.elementor-widget-text-editor:not(.elementor-drop-cap-view-default) .elementor-drop-cap-letter{width:1em;height:1em}.elementor-widget-text-editor .elementor-drop-cap{float:left;text-align:center;line-height:1;font-size:50px}.elementor-widget-text-editor .elementor-drop-cap-letter{display:inline-block}<\/style>\t\t\t\t<p>A aus\u00eancia de qualquer certid\u00e3o no processo de requerimento impede o reconhecimento da cidadania italiana. Todas as certid\u00f5es do requerente, portanto, at\u00e9 o ascendente italiano devem fazer parte do processo.<\/p>\t\t\t\t\t\t<\/div>\n\t\t\t\t<\/div>\n\t\t\t\t<\/div>\n\t\t\t\t\t<\/div>\n\t\t\t\t<\/div>\n\t\t<div class=\"elementor-element elementor-element-7ef19c1 e-flex e-con-boxed e-con e-parent\" data-id=\"7ef19c1\" data-element_type=\"container\">\n\t\t\t\t\t<div class=\"e-con-inner\">\n\t\t<div class=\"elementor-element elementor-element-cbc6f2f e-con-full e-flex e-con e-child\" data-id=\"cbc6f2f\" data-element_type=\"container\">\n\t\t\t\t<div class=\"elementor-element elementor-element-e36f17a elementor-widget elementor-widget-heading\" data-id=\"e36f17a\" data-element_type=\"widget\" data-widget_type=\"heading.default\">\n\t\t\t\t<div class=\"elementor-widget-container\">\n\t\t\t<h2 class=\"elementor-heading-title elementor-size-default\">NATURALIZA\u00c7\u00c3O DO ITALIANO<\/h2>\t\t<\/div>\n\t\t\t\t<\/div>\n\t\t\t\t<div class=\"elementor-element elementor-element-52e2970 elementor-widget elementor-widget-text-editor\" data-id=\"52e2970\" data-element_type=\"widget\" data-widget_type=\"text-editor.default\">\n\t\t\t\t<div class=\"elementor-widget-container\">\n\t\t\t\t\t\t\t<p>O italiano que se naturaliza perde sua nacionalidade e adquire outra; um italiano, portanto, que migrou para o Brasil e se naturalizou brasileiro, deixa de ser italiano e torna-se brasileiro por naturaliza\u00e7\u00e3o.\u00a0<\/p>\t\t\t\t\t\t<\/div>\n\t\t\t\t<\/div>\n\t\t\t\t<\/div>\n\t\t<div class=\"elementor-element elementor-element-a53c365 e-con-full e-flex e-con e-child\" data-id=\"a53c365\" data-element_type=\"container\">\n\t\t\t\t<div class=\"elementor-element elementor-element-8a5002a elementor-widget elementor-widget-image\" data-id=\"8a5002a\" data-element_type=\"widget\" data-widget_type=\"image.default\">\n\t\t\t\t<div class=\"elementor-widget-container\">\n\t\t\t\t\t\t\t\t\t\t\t\t\t<img decoding=\"async\" width=\"800\" height=\"450\" src=\"https:\/\/bonottoconsultoria.com.br\/wp-content\/uploads\/2023\/09\/IMPEDIMENTOS-3-1024x576.jpg\" class=\"attachment-large size-large wp-image-13044\" alt=\"\" srcset=\"https:\/\/bonottoconsultoria.com.br\/wp-content\/uploads\/2023\/09\/IMPEDIMENTOS-3-1024x576.jpg 1024w, https:\/\/bonottoconsultoria.com.br\/wp-content\/uploads\/2023\/09\/IMPEDIMENTOS-3-300x169.jpg 300w, https:\/\/bonottoconsultoria.com.br\/wp-content\/uploads\/2023\/09\/IMPEDIMENTOS-3-768x432.jpg 768w, https:\/\/bonottoconsultoria.com.br\/wp-content\/uploads\/2023\/09\/IMPEDIMENTOS-3-1536x864.jpg 1536w, https:\/\/bonottoconsultoria.com.br\/wp-content\/uploads\/2023\/09\/IMPEDIMENTOS-3.jpg 1920w\" sizes=\"(max-width: 800px) 100vw, 800px\" \/>\t\t\t\t\t\t\t\t\t\t\t\t\t<\/div>\n\t\t\t\t<\/div>\n\t\t\t\t<\/div>\n\t\t\t\t\t<\/div>\n\t\t\t\t<\/div>\n\t\t<div class=\"elementor-element elementor-element-2d2b78f e-flex e-con-boxed e-con e-parent\" data-id=\"2d2b78f\" data-element_type=\"container\">\n\t\t\t\t\t<div class=\"e-con-inner\">\n\t\t\t\t<div class=\"elementor-element elementor-element-805f90b elementor-widget elementor-widget-text-editor\" data-id=\"805f90b\" data-element_type=\"widget\" data-widget_type=\"text-editor.default\">\n\t\t\t\t<div class=\"elementor-widget-container\">\n\t\t\t\t\t\t\t<p>Se o filho do italiano nasceu <strong>ANTES<\/strong> da naturaliza\u00e7\u00e3o:<\/p><p><span style=\"text-decoration: underline;\"><strong>TEM DIREITO \u00c0 CIDADANIA ITALIANA<\/strong><\/span><\/p><p>Se o filho do italiano nasceu <strong>DEPOIS<\/strong> da naturaliza\u00e7\u00e3o:<\/p><p><span style=\"text-decoration: underline;\"><strong>N\u00c3O TEM DIREITO \u00c0 CIDADANIA ITALIANA<\/strong><\/span><\/p><p>A comprova\u00e7\u00e3o da negativa de naturaliza\u00e7\u00e3o do italiano \u00e9 feita atrav\u00e9s de certid\u00e3o expedida pelo Minist\u00e9rio da Justi\u00e7a do Brasil.<\/p>\t\t\t\t\t\t<\/div>\n\t\t\t\t<\/div>\n\t\t\t\t\t<\/div>\n\t\t\t\t<\/div>\n\t\t<div class=\"elementor-element elementor-element-ea2e1e0 e-flex e-con-boxed e-con e-parent\" data-id=\"ea2e1e0\" data-element_type=\"container\">\n\t\t\t\t\t<div class=\"e-con-inner\">\n\t\t<div class=\"elementor-element elementor-element-f5a007b e-con-full e-flex e-con e-child\" data-id=\"f5a007b\" data-element_type=\"container\">\n\t\t\t\t<div class=\"elementor-element elementor-element-d940118 elementor-widget elementor-widget-image\" data-id=\"d940118\" data-element_type=\"widget\" data-widget_type=\"image.default\">\n\t\t\t\t<div class=\"elementor-widget-container\">\n\t\t\t\t\t\t\t\t\t\t\t\t\t<img decoding=\"async\" width=\"800\" height=\"450\" src=\"https:\/\/bonottoconsultoria.com.br\/wp-content\/uploads\/2023\/09\/IMPEDIMENTOS-4-1024x576.jpg\" class=\"attachment-large size-large wp-image-13117\" alt=\"\" srcset=\"https:\/\/bonottoconsultoria.com.br\/wp-content\/uploads\/2023\/09\/IMPEDIMENTOS-4-1024x576.jpg 1024w, https:\/\/bonottoconsultoria.com.br\/wp-content\/uploads\/2023\/09\/IMPEDIMENTOS-4-300x169.jpg 300w, https:\/\/bonottoconsultoria.com.br\/wp-content\/uploads\/2023\/09\/IMPEDIMENTOS-4-768x432.jpg 768w, https:\/\/bonottoconsultoria.com.br\/wp-content\/uploads\/2023\/09\/IMPEDIMENTOS-4-1536x864.jpg 1536w, https:\/\/bonottoconsultoria.com.br\/wp-content\/uploads\/2023\/09\/IMPEDIMENTOS-4.jpg 1920w\" sizes=\"(max-width: 800px) 100vw, 800px\" \/>\t\t\t\t\t\t\t\t\t\t\t\t\t<\/div>\n\t\t\t\t<\/div>\n\t\t\t\t<\/div>\n\t\t<div class=\"elementor-element elementor-element-4ffe90c e-con-full e-flex e-con e-child\" data-id=\"4ffe90c\" data-element_type=\"container\">\n\t\t\t\t<div class=\"elementor-element elementor-element-c2704ea elementor-widget elementor-widget-heading\" data-id=\"c2704ea\" data-element_type=\"widget\" data-widget_type=\"heading.default\">\n\t\t\t\t<div class=\"elementor-widget-container\">\n\t\t\t<h2 class=\"elementor-heading-title elementor-size-default\">ERROS NAS CERTID\u00d5ES<\/h2>\t\t<\/div>\n\t\t\t\t<\/div>\n\t\t\t\t<div class=\"elementor-element elementor-element-2fa0e34 elementor-widget elementor-widget-text-editor\" data-id=\"2fa0e34\" data-element_type=\"widget\" data-widget_type=\"text-editor.default\">\n\t\t\t\t<div class=\"elementor-widget-container\">\n\t\t\t\t\t\t\t<p>Qualquer erro nas certid\u00f5es deve ser retificado, ou seja, corrigido para apresenta\u00e7\u00e3o ao Consulado Italiano no dia da convoca\u00e7\u00e3o. Varia\u00e7\u00f5es em nomes e sobrenomes tamb\u00e9m devem ser retificados para que a documenta\u00e7\u00e3o esteja em ordem.<\/p>\t\t\t\t\t\t<\/div>\n\t\t\t\t<\/div>\n\t\t\t\t<\/div>\n\t\t\t\t\t<\/div>\n\t\t\t\t<\/div>\n\t\t<div class=\"elementor-element elementor-element-13771a6 e-flex e-con-boxed e-con e-parent\" data-id=\"13771a6\" data-element_type=\"container\">\n\t\t\t\t\t<div class=\"e-con-inner\">\n\t\t<div class=\"elementor-element elementor-element-8dfa824 e-con-full e-flex e-con e-child\" data-id=\"8dfa824\" data-element_type=\"container\">\n\t\t\t\t<div class=\"elementor-element elementor-element-4fa0b83 elementor-widget elementor-widget-heading\" data-id=\"4fa0b83\" data-element_type=\"widget\" data-widget_type=\"heading.default\">\n\t\t\t\t<div class=\"elementor-widget-container\">\n\t\t\t<h2 class=\"elementor-heading-title elementor-size-default\">CIDADANIA PELO LADO MATERNO - 1948<\/h2>\t\t<\/div>\n\t\t\t\t<\/div>\n\t\t\t\t<\/div>\n\t\t<div class=\"elementor-element elementor-element-678e0ac e-con-full e-flex e-con e-child\" data-id=\"678e0ac\" data-element_type=\"container\">\n\t\t\t\t<div class=\"elementor-element elementor-element-2b885a0 elementor-widget elementor-widget-image\" data-id=\"2b885a0\" data-element_type=\"widget\" data-widget_type=\"image.default\">\n\t\t\t\t<div class=\"elementor-widget-container\">\n\t\t\t\t\t\t\t\t\t\t\t\t\t<img loading=\"lazy\" decoding=\"async\" width=\"800\" height=\"450\" src=\"https:\/\/bonottoconsultoria.com.br\/wp-content\/uploads\/2023\/09\/IMPEDIMENTOS-5-1024x576.jpg\" class=\"attachment-large size-large wp-image-13130\" alt=\"\" srcset=\"https:\/\/bonottoconsultoria.com.br\/wp-content\/uploads\/2023\/09\/IMPEDIMENTOS-5-1024x576.jpg 1024w, https:\/\/bonottoconsultoria.com.br\/wp-content\/uploads\/2023\/09\/IMPEDIMENTOS-5-300x169.jpg 300w, https:\/\/bonottoconsultoria.com.br\/wp-content\/uploads\/2023\/09\/IMPEDIMENTOS-5-768x432.jpg 768w, https:\/\/bonottoconsultoria.com.br\/wp-content\/uploads\/2023\/09\/IMPEDIMENTOS-5-1536x864.jpg 1536w, https:\/\/bonottoconsultoria.com.br\/wp-content\/uploads\/2023\/09\/IMPEDIMENTOS-5.jpg 1920w\" sizes=\"(max-width: 800px) 100vw, 800px\" \/>\t\t\t\t\t\t\t\t\t\t\t\t\t<\/div>\n\t\t\t\t<\/div>\n\t\t\t\t<\/div>\n\t\t\t\t\t<\/div>\n\t\t\t\t<\/div>\n\t\t<div class=\"elementor-element elementor-element-ce65d49 e-flex e-con-boxed e-con e-parent\" data-id=\"ce65d49\" data-element_type=\"container\">\n\t\t\t\t\t<div class=\"e-con-inner\">\n\t\t<div class=\"elementor-element elementor-element-2d26dc7 e-con-full e-flex e-con e-child\" data-id=\"2d26dc7\" data-element_type=\"container\">\n\t\t\t\t<div class=\"elementor-element elementor-element-f8296a2 elementor-widget elementor-widget-text-editor\" data-id=\"f8296a2\" data-element_type=\"widget\" data-widget_type=\"text-editor.default\">\n\t\t\t\t<div class=\"elementor-widget-container\">\n\t\t\t\t\t\t\t<p>Regida pela lei italiana n\u00ba 555 de 13\/06\/1912, art. 10, a cidadania pelo lado materno previa que a mulher italiana que contra\u00edsse matrim\u00f4nio com cidad\u00e3o estrangeiro perdia a nacionalidade italiana e, assim, assumia a nacionalidade do marido. A lei, por\u00e9m, foi considerada revogada em 1975 sendo retroativa at\u00e9 01\/01\/1948. Diante disso, n\u00e3o h\u00e1 a possibilidade de requerimento por via administrativa da cidadania italiana pelo lado materno quando filhos de mulher italiana tenham nascido antes de 01\/01\/1948.<\/p>\t\t\t\t\t\t<\/div>\n\t\t\t\t<\/div>\n\t\t\t\t<\/div>\n\t\t<div class=\"elementor-element elementor-element-eff5e13 e-con-full e-flex e-con e-child\" data-id=\"eff5e13\" data-element_type=\"container\">\n\t\t\t\t<div class=\"elementor-element elementor-element-b5aa6d9 elementor-widget elementor-widget-heading\" data-id=\"b5aa6d9\" data-element_type=\"widget\" data-widget_type=\"heading.default\">\n\t\t\t\t<div class=\"elementor-widget-container\">\n\t\t\t<h2 class=\"elementor-heading-title elementor-size-default\">H\u00c1 A POSSIBILIDADE, POR\u00c9M, DE RECONHECIMENTO DA CIDADANIA PELO LADO MATERNO POR VIA JUDICIAL NA IT\u00c1LIA.<\/h2>\t\t<\/div>\n\t\t\t\t<\/div>\n\t\t\t\t<\/div>\n\t\t\t\t\t<\/div>\n\t\t\t\t<\/div>\n\t\t<div class=\"elementor-element elementor-element-8b2c381 e-flex e-con-boxed e-con e-parent\" data-id=\"8b2c381\" data-element_type=\"container\">\n\t\t\t\t\t<div class=\"e-con-inner\">\n\t\t<div class=\"elementor-element elementor-element-6239c74 e-con-full e-flex e-con e-child\" data-id=\"6239c74\" data-element_type=\"container\">\n\t\t\t\t<div class=\"elementor-element elementor-element-9976c6e elementor-widget elementor-widget-image\" data-id=\"9976c6e\" data-element_type=\"widget\" data-widget_type=\"image.default\">\n\t\t\t\t<div class=\"elementor-widget-container\">\n\t\t\t\t\t\t\t\t\t\t\t\t\t<img loading=\"lazy\" decoding=\"async\" width=\"800\" height=\"450\" src=\"https:\/\/bonottoconsultoria.com.br\/wp-content\/uploads\/2023\/09\/IMPEDIMENTOS-6-1024x576.jpg\" class=\"attachment-large size-large wp-image-13155\" alt=\"\" srcset=\"https:\/\/bonottoconsultoria.com.br\/wp-content\/uploads\/2023\/09\/IMPEDIMENTOS-6-1024x576.jpg 1024w, https:\/\/bonottoconsultoria.com.br\/wp-content\/uploads\/2023\/09\/IMPEDIMENTOS-6-300x169.jpg 300w, https:\/\/bonottoconsultoria.com.br\/wp-content\/uploads\/2023\/09\/IMPEDIMENTOS-6-768x432.jpg 768w, https:\/\/bonottoconsultoria.com.br\/wp-content\/uploads\/2023\/09\/IMPEDIMENTOS-6-1536x864.jpg 1536w, https:\/\/bonottoconsultoria.com.br\/wp-content\/uploads\/2023\/09\/IMPEDIMENTOS-6.jpg 1920w\" sizes=\"(max-width: 800px) 100vw, 800px\" \/>\t\t\t\t\t\t\t\t\t\t\t\t\t<\/div>\n\t\t\t\t<\/div>\n\t\t\t\t<\/div>\n\t\t<div class=\"elementor-element elementor-element-d132765 e-con-full e-flex e-con e-child\" data-id=\"d132765\" data-element_type=\"container\">\n\t\t\t\t<div class=\"elementor-element elementor-element-902f35b elementor-widget elementor-widget-heading\" data-id=\"902f35b\" data-element_type=\"widget\" data-widget_type=\"heading.default\">\n\t\t\t\t<div class=\"elementor-widget-container\">\n\t\t\t<h2 class=\"elementor-heading-title elementor-size-default\">FILHOS NASCIDOS DE PAIS N\u00c3O CASADOS<\/h2>\t\t<\/div>\n\t\t\t\t<\/div>\n\t\t\t\t<\/div>\n\t\t\t\t\t<\/div>\n\t\t\t\t<\/div>\n\t\t<div class=\"elementor-element elementor-element-37d50d8 e-flex e-con-boxed e-con e-parent\" data-id=\"37d50d8\" data-element_type=\"container\">\n\t\t\t\t\t<div class=\"e-con-inner\">\n\t\t<div class=\"elementor-element elementor-element-e901a9c e-con-full e-flex e-con e-child\" data-id=\"e901a9c\" data-element_type=\"container\">\n\t\t\t\t<div class=\"elementor-element elementor-element-a082094 elementor-widget elementor-widget-text-editor\" data-id=\"a082094\" data-element_type=\"widget\" data-widget_type=\"text-editor.default\">\n\t\t\t\t<div class=\"elementor-widget-container\">\n\t\t\t\t\t\t\t<p>1) Na certid\u00e3o de nascimento em inteiro teor da crian\u00e7a devem constar os nomes dos pais como declarantes. Com a declara\u00e7\u00e3o de ambos os genitores n\u00e3o h\u00e1 o que se contestar que a crian\u00e7a seja fruto da rela\u00e7\u00e3o dos dois.<\/p><p>2) No caso de cidadania transmitida pela m\u00e3e, e na certid\u00e3o de nascimento em inteiro teor da crian\u00e7a constar somente o nome da m\u00e3e como declarante e n\u00e3o constar o nome do pai, n\u00e3o h\u00e1 problema, visto que \u00e9 a m\u00e3e quem est\u00e1 transmitindo a cidadania.<\/p><p>3) Se na certid\u00e3o de nascimento em inteiro teor da crian\u00e7a constar somente o nome do pai ou da m\u00e3e como declarante, o pai ou a m\u00e3e dever\u00e1 reconhecer a filia\u00e7\u00e3o atrav\u00e9s de escritura p\u00fablica em Tabelionato de Notas e informar que \u00e9 o pai ou a m\u00e3e da crian\u00e7a.<\/p>\t\t\t\t\t\t<\/div>\n\t\t\t\t<\/div>\n\t\t\t\t<\/div>\n\t\t<div class=\"elementor-element elementor-element-e0c30e7 e-con-full e-flex e-con e-child\" data-id=\"e0c30e7\" data-element_type=\"container\">\n\t\t\t\t<div class=\"elementor-element elementor-element-c36bef7 elementor-widget elementor-widget-text-editor\" data-id=\"c36bef7\" data-element_type=\"widget\" data-widget_type=\"text-editor.default\">\n\t\t\t\t<div class=\"elementor-widget-container\">\n\t\t\t\t\t\t\t<p>4) Se na certid\u00e3o de nascimento em inteiro teor da crian\u00e7a constar somente o nome da m\u00e3e e o nome do pai for inclu\u00eddo posteriormente por processo judicial, escritura p\u00fablica, ou outra forma:<\/p><p>a) Se for a m\u00e3e que transmite a cidadania e a crian\u00e7a \u00e9 menor de idade na \u00e9poca do reconhecimento paterno, n\u00e3o ser\u00e1 necess\u00e1rio apresentar outro documento.<\/p><p>b) Se for o pai que transmite a cidadania e a crian\u00e7a for menor de idade, apresentar documentos que comprovem o reconhecimento com tradu\u00e7\u00e3o da senten\u00e7a ou mandado, ou, no caso de escritura p\u00fablica, segunda via e tradu\u00e7\u00e3o do documento.<\/p>\t\t\t\t\t\t<\/div>\n\t\t\t\t<\/div>\n\t\t\t\t<\/div>\n\t\t\t\t\t<\/div>\n\t\t\t\t<\/div>\n\t\t<div class=\"elementor-element elementor-element-7001740 e-flex e-con-boxed e-con e-parent\" data-id=\"7001740\" data-element_type=\"container\">\n\t\t\t\t\t<div class=\"e-con-inner\">\n\t\t\t\t<div class=\"elementor-element elementor-element-ba07a30 elementor-widget elementor-widget-elementskit-back-to-top\" data-id=\"ba07a30\" data-element_type=\"widget\" data-widget_type=\"elementskit-back-to-top.default\">\n\t\t\t\t<div class=\"elementor-widget-container\">\n\t\t\t<div class=\"ekit-wid-con\" >\t\t\t<div class=\"ekit-back-to-top-container ekit-btt icon_only\" data-settings=\"{&quot;offset_top&quot;:0,&quot;show_after&quot;:null,&quot;show_scroll&quot;:&quot;&quot;,&quot;style&quot;:&quot;icon_only&quot;,&quot;foreground&quot;:null,&quot;background&quot;:null}\"> \n\t\t\t\t<span class=\"ekit-btt__button \">\n\t\t\t\t\t<i aria-hidden=\"true\" class=\"fas fa-arrow-up\"><\/i>\t\t\t\t<\/span>\n\t\t\t<\/div>\n\t\t<\/div>\t\t<\/div>\n\t\t\t\t<\/div>\n\t\t\t\t\t<\/div>\n\t\t\t\t<\/div>\n\t\t\t\t<\/div>\n\t\t","protected":false},"excerpt":{"rendered":"<p>IMPEDIMENTOS PARA O RECONHECIMENTO DA CIDADANIA ITALIANA AUS\u00caNCIA DE CERTID\u00d5ES A aus\u00eancia de qualquer certid\u00e3o no processo de requerimento impede o reconhecimento da cidadania italiana. Todas as certid\u00f5es do requerente, portanto, at\u00e9 o ascendente italiano devem fazer parte do processo. NATURALIZA\u00c7\u00c3O DO ITALIANO O italiano que se naturaliza perde sua nacionalidade e adquire outra; um [&hellip;]<\/p>\n","protected":false},"author":1,"featured_media":0,"parent":0,"menu_order":0,"comment_status":"closed","ping_status":"closed","template":"elementor_header_footer","meta":{"_monsterinsights_skip_tracking":false,"_monsterinsights_sitenote_active":false,"_monsterinsights_sitenote_note":"","_monsterinsights_sitenote_category":0,"footnotes":""},"class_list":["post-2005","page","type-page","status-publish","hentry"],"aioseo_notices":[],"_links":{"self":[{"href":"https:\/\/bonottoconsultoria.com.br\/index.php\/wp-json\/wp\/v2\/pages\/2005","targetHints":{"allow":["GET"]}}],"collection":[{"href":"https:\/\/bonottoconsultoria.com.br\/index.php\/wp-json\/wp\/v2\/pages"}],"about":[{"href":"https:\/\/bonottoconsultoria.com.br\/index.php\/wp-json\/wp\/v2\/types\/page"}],"author":[{"embeddable":true,"href":"https:\/\/bonottoconsultoria.com.br\/index.php\/wp-json\/wp\/v2\/users\/1"}],"replies":[{"embeddable":true,"href":"https:\/\/bonottoconsultoria.com.br\/index.php\/wp-json\/wp\/v2\/comments?post=2005"}],"version-history":[{"count":1012,"href":"https:\/\/bonottoconsultoria.com.br\/index.php\/wp-json\/wp\/v2\/pages\/2005\/revisions"}],"predecessor-version":[{"id":20681,"href":"https:\/\/bonottoconsultoria.com.br\/index.php\/wp-json\/wp\/v2\/pages\/2005\/revisions\/20681"}],"wp:attachment":[{"href":"https:\/\/bonottoconsultoria.com.br\/index.php\/wp-json\/wp\/v2\/media?parent=2005"}],"curies":[{"name":"wp","href":"https:\/\/api.w.org\/{rel}","templated":true}]}}