{"id":1954,"date":"2023-07-10T19:57:28","date_gmt":"2023-07-10T22:57:28","guid":{"rendered":"https:\/\/bonottoconsultoria.com.br\/?page_id=1954"},"modified":"2023-10-30T08:33:49","modified_gmt":"2023-10-30T11:33:49","slug":"modalidades-de-cidadania","status":"publish","type":"page","link":"https:\/\/bonottoconsultoria.com.br\/index.php\/modalidades-de-cidadania\/","title":{"rendered":"Modalidades de Cidadania"},"content":{"rendered":"\t\t<div data-elementor-type=\"wp-page\" data-elementor-id=\"1954\" class=\"elementor elementor-1954\" data-elementor-post-type=\"page\">\n\t\t\t\t<div class=\"elementor-element elementor-element-d5b25ce e-flex e-con-boxed e-con e-parent\" data-id=\"d5b25ce\" data-element_type=\"container\" data-settings=\"{&quot;background_background&quot;:&quot;classic&quot;}\">\n\t\t\t\t\t<div class=\"e-con-inner\">\n\t\t<div class=\"elementor-element elementor-element-fe1175f e-flex e-con-boxed e-con e-child\" data-id=\"fe1175f\" data-element_type=\"container\">\n\t\t\t\t\t<div class=\"e-con-inner\">\n\t\t\t\t<div class=\"elementor-element elementor-element-f3a5fbb elementor-widget elementor-widget-heading\" data-id=\"f3a5fbb\" data-element_type=\"widget\" data-widget_type=\"heading.default\">\n\t\t\t\t<div class=\"elementor-widget-container\">\n\t\t\t<style>\/*! elementor - v3.21.0 - 26-05-2024 *\/\n.elementor-heading-title{padding:0;margin:0;line-height:1}.elementor-widget-heading .elementor-heading-title[class*=elementor-size-]>a{color:inherit;font-size:inherit;line-height:inherit}.elementor-widget-heading .elementor-heading-title.elementor-size-small{font-size:15px}.elementor-widget-heading .elementor-heading-title.elementor-size-medium{font-size:19px}.elementor-widget-heading .elementor-heading-title.elementor-size-large{font-size:29px}.elementor-widget-heading .elementor-heading-title.elementor-size-xl{font-size:39px}.elementor-widget-heading .elementor-heading-title.elementor-size-xxl{font-size:59px}<\/style><h1 class=\"elementor-heading-title elementor-size-default\">MODALIDADES DE CIDADANIA ITALIANA<\/h1>\t\t<\/div>\n\t\t\t\t<\/div>\n\t\t\t\t\t<\/div>\n\t\t\t\t<\/div>\n\t\t\t\t\t<\/div>\n\t\t\t\t<\/div>\n\t\t<div class=\"elementor-element elementor-element-3302072 e-flex e-con-boxed e-con e-parent\" data-id=\"3302072\" data-element_type=\"container\">\n\t\t\t\t\t<div class=\"e-con-inner\">\n\t\t<div class=\"elementor-element elementor-element-fade97e e-con-full e-flex e-con e-child\" data-id=\"fade97e\" data-element_type=\"container\">\n\t\t\t\t<div class=\"elementor-element elementor-element-79f4b3c elementor-widget elementor-widget-image\" data-id=\"79f4b3c\" data-element_type=\"widget\" data-widget_type=\"image.default\">\n\t\t\t\t<div class=\"elementor-widget-container\">\n\t\t\t<style>\/*! elementor - v3.21.0 - 26-05-2024 *\/\n.elementor-widget-image{text-align:center}.elementor-widget-image a{display:inline-block}.elementor-widget-image a img[src$=\".svg\"]{width:48px}.elementor-widget-image img{vertical-align:middle;display:inline-block}<\/style>\t\t\t\t\t\t\t\t\t\t<img fetchpriority=\"high\" decoding=\"async\" width=\"800\" height=\"450\" src=\"https:\/\/bonottoconsultoria.com.br\/wp-content\/uploads\/2023\/09\/CIDADANIA-ITALIANA-DESCENDENCIA-DIRETA-1-1024x576.jpg\" class=\"attachment-large size-large wp-image-13190\" alt=\"\" srcset=\"https:\/\/bonottoconsultoria.com.br\/wp-content\/uploads\/2023\/09\/CIDADANIA-ITALIANA-DESCENDENCIA-DIRETA-1-1024x576.jpg 1024w, https:\/\/bonottoconsultoria.com.br\/wp-content\/uploads\/2023\/09\/CIDADANIA-ITALIANA-DESCENDENCIA-DIRETA-1-300x169.jpg 300w, https:\/\/bonottoconsultoria.com.br\/wp-content\/uploads\/2023\/09\/CIDADANIA-ITALIANA-DESCENDENCIA-DIRETA-1-768x432.jpg 768w, https:\/\/bonottoconsultoria.com.br\/wp-content\/uploads\/2023\/09\/CIDADANIA-ITALIANA-DESCENDENCIA-DIRETA-1-1536x864.jpg 1536w, https:\/\/bonottoconsultoria.com.br\/wp-content\/uploads\/2023\/09\/CIDADANIA-ITALIANA-DESCENDENCIA-DIRETA-1.jpg 1920w\" sizes=\"(max-width: 800px) 100vw, 800px\" \/>\t\t\t\t\t\t\t\t\t\t\t\t\t<\/div>\n\t\t\t\t<\/div>\n\t\t\t\t<div class=\"elementor-element elementor-element-26e2276 elementor-widget elementor-widget-heading\" data-id=\"26e2276\" data-element_type=\"widget\" data-widget_type=\"heading.default\">\n\t\t\t\t<div class=\"elementor-widget-container\">\n\t\t\t<h2 class=\"elementor-heading-title elementor-size-default\">CIDADANIA ITALIANA<\/h2>\t\t<\/div>\n\t\t\t\t<\/div>\n\t\t\t\t<div class=\"elementor-element elementor-element-bbe15c0 elementor-widget elementor-widget-heading\" data-id=\"bbe15c0\" data-element_type=\"widget\" data-widget_type=\"heading.default\">\n\t\t\t\t<div class=\"elementor-widget-container\">\n\t\t\t<h2 class=\"elementor-heading-title elementor-size-default\">DESCEND\u00caNCIA DIRETA<\/h2>\t\t<\/div>\n\t\t\t\t<\/div>\n\t\t\t\t<\/div>\n\t\t<div class=\"elementor-element elementor-element-f3b1ea7 e-con-full e-flex e-con e-child\" data-id=\"f3b1ea7\" data-element_type=\"container\">\n\t\t\t\t<div class=\"elementor-element elementor-element-6b1849b elementor-widget elementor-widget-text-editor\" data-id=\"6b1849b\" data-element_type=\"widget\" data-widget_type=\"text-editor.default\">\n\t\t\t\t<div class=\"elementor-widget-container\">\n\t\t\t<style>\/*! elementor - v3.21.0 - 26-05-2024 *\/\n.elementor-widget-text-editor.elementor-drop-cap-view-stacked .elementor-drop-cap{background-color:#69727d;color:#fff}.elementor-widget-text-editor.elementor-drop-cap-view-framed .elementor-drop-cap{color:#69727d;border:3px solid;background-color:transparent}.elementor-widget-text-editor:not(.elementor-drop-cap-view-default) .elementor-drop-cap{margin-top:8px}.elementor-widget-text-editor:not(.elementor-drop-cap-view-default) .elementor-drop-cap-letter{width:1em;height:1em}.elementor-widget-text-editor .elementor-drop-cap{float:left;text-align:center;line-height:1;font-size:50px}.elementor-widget-text-editor .elementor-drop-cap-letter{display:inline-block}<\/style>\t\t\t\t<p>A Cidadania \u00e9 passada do ascendente italiano a seus descendentes, sem limite de gera\u00e7\u00f5es. O requerente tem que comprovar descend\u00eancia direta com italianos atrav\u00e9s da sua \u00e1rvore geneal\u00f3gica e certid\u00f5es.<\/p>\t\t\t\t\t\t<\/div>\n\t\t\t\t<\/div>\n\t\t\t\t<\/div>\n\t\t\t\t\t<\/div>\n\t\t\t\t<\/div>\n\t\t<div class=\"elementor-element elementor-element-c9485e9 e-flex e-con-boxed e-con e-parent\" data-id=\"c9485e9\" data-element_type=\"container\">\n\t\t\t\t\t<div class=\"e-con-inner\">\n\t\t<div class=\"elementor-element elementor-element-c45a386 e-con-full e-flex e-con e-child\" data-id=\"c45a386\" data-element_type=\"container\">\n\t\t\t\t<div class=\"elementor-element elementor-element-ee29ffc elementor-widget elementor-widget-image\" data-id=\"ee29ffc\" data-element_type=\"widget\" data-widget_type=\"image.default\">\n\t\t\t\t<div class=\"elementor-widget-container\">\n\t\t\t\t\t\t\t\t\t\t\t\t\t<img decoding=\"async\" width=\"800\" height=\"450\" src=\"https:\/\/bonottoconsultoria.com.br\/wp-content\/uploads\/2023\/09\/CIDADANIA-ITALIANA-DESCENDENCIA-DIRETA-2-1024x576.jpg\" class=\"attachment-large size-large wp-image-13215\" alt=\"\" srcset=\"https:\/\/bonottoconsultoria.com.br\/wp-content\/uploads\/2023\/09\/CIDADANIA-ITALIANA-DESCENDENCIA-DIRETA-2-1024x576.jpg 1024w, https:\/\/bonottoconsultoria.com.br\/wp-content\/uploads\/2023\/09\/CIDADANIA-ITALIANA-DESCENDENCIA-DIRETA-2-300x169.jpg 300w, https:\/\/bonottoconsultoria.com.br\/wp-content\/uploads\/2023\/09\/CIDADANIA-ITALIANA-DESCENDENCIA-DIRETA-2-768x432.jpg 768w, https:\/\/bonottoconsultoria.com.br\/wp-content\/uploads\/2023\/09\/CIDADANIA-ITALIANA-DESCENDENCIA-DIRETA-2-1536x864.jpg 1536w, https:\/\/bonottoconsultoria.com.br\/wp-content\/uploads\/2023\/09\/CIDADANIA-ITALIANA-DESCENDENCIA-DIRETA-2.jpg 1920w\" sizes=\"(max-width: 800px) 100vw, 800px\" \/>\t\t\t\t\t\t\t\t\t\t\t\t\t<\/div>\n\t\t\t\t<\/div>\n\t\t\t\t<div class=\"elementor-element elementor-element-9338df7 elementor-widget elementor-widget-heading\" data-id=\"9338df7\" data-element_type=\"widget\" data-widget_type=\"heading.default\">\n\t\t\t\t<div class=\"elementor-widget-container\">\n\t\t\t<h2 class=\"elementor-heading-title elementor-size-default\">CIDADANIA ITALIANA<\/h2>\t\t<\/div>\n\t\t\t\t<\/div>\n\t\t\t\t<div class=\"elementor-element elementor-element-b98b918 elementor-widget elementor-widget-heading\" data-id=\"b98b918\" data-element_type=\"widget\" data-widget_type=\"heading.default\">\n\t\t\t\t<div class=\"elementor-widget-container\">\n\t\t\t<h2 class=\"elementor-heading-title elementor-size-default\">PELO LADO MATERNO - 1948<\/h2>\t\t<\/div>\n\t\t\t\t<\/div>\n\t\t\t\t<\/div>\n\t\t<div class=\"elementor-element elementor-element-58bf48e e-con-full e-flex e-con e-child\" data-id=\"58bf48e\" data-element_type=\"container\">\n\t\t\t\t<div class=\"elementor-element elementor-element-c9ede45 elementor-widget elementor-widget-text-editor\" data-id=\"c9ede45\" data-element_type=\"widget\" data-widget_type=\"text-editor.default\">\n\t\t\t\t<div class=\"elementor-widget-container\">\n\t\t\t\t\t\t\t<p><span style=\"text-decoration: underline;\"><strong>NASCIDOS ANTES DE 1948<\/strong><\/span><br \/>No Brasil n\u00e3o h\u00e1 como obter a Cidadania Italiana por via administrativa, ou seja, atrav\u00e9s do Consulado Italiano, pelo lado materno se os filhos de mulher italiana tiverem nascido antes de 01\/01\/1948. Existe, por\u00e9m, a possibilidade de obter a cidadania pelo lado materno por via judicial na It\u00e1lia.<\/p><p><span style=\"text-decoration: underline;\"><strong>NASCIDOS AP\u00d3S 1948<\/strong><\/span><br \/>Nascidos ap\u00f3s 01\/01\/1948 t\u00eam direito ao reconhecimento da Cidadania Italiana por via administrativa nos consulados italianos no Brasil.<\/p>\t\t\t\t\t\t<\/div>\n\t\t\t\t<\/div>\n\t\t\t\t<\/div>\n\t\t\t\t\t<\/div>\n\t\t\t\t<\/div>\n\t\t<div class=\"elementor-element elementor-element-57c628a e-flex e-con-boxed e-con e-parent\" data-id=\"57c628a\" data-element_type=\"container\">\n\t\t\t\t\t<div class=\"e-con-inner\">\n\t\t<div class=\"elementor-element elementor-element-087692e e-con-full e-flex e-con e-child\" data-id=\"087692e\" data-element_type=\"container\">\n\t\t\t\t<div class=\"elementor-element elementor-element-83b8bfb elementor-widget elementor-widget-image\" data-id=\"83b8bfb\" data-element_type=\"widget\" data-widget_type=\"image.default\">\n\t\t\t\t<div class=\"elementor-widget-container\">\n\t\t\t\t\t\t\t\t\t\t\t\t\t<img decoding=\"async\" width=\"800\" height=\"450\" src=\"https:\/\/bonottoconsultoria.com.br\/wp-content\/uploads\/2023\/09\/cidadania-por-casamento-otimizada-1024x576.jpg\" class=\"attachment-large size-large wp-image-11415\" alt=\"\" srcset=\"https:\/\/bonottoconsultoria.com.br\/wp-content\/uploads\/2023\/09\/cidadania-por-casamento-otimizada-1024x576.jpg 1024w, https:\/\/bonottoconsultoria.com.br\/wp-content\/uploads\/2023\/09\/cidadania-por-casamento-otimizada-300x169.jpg 300w, https:\/\/bonottoconsultoria.com.br\/wp-content\/uploads\/2023\/09\/cidadania-por-casamento-otimizada-768x432.jpg 768w, https:\/\/bonottoconsultoria.com.br\/wp-content\/uploads\/2023\/09\/cidadania-por-casamento-otimizada-1536x864.jpg 1536w, https:\/\/bonottoconsultoria.com.br\/wp-content\/uploads\/2023\/09\/cidadania-por-casamento-otimizada.jpg 1920w\" sizes=\"(max-width: 800px) 100vw, 800px\" \/>\t\t\t\t\t\t\t\t\t\t\t\t\t<\/div>\n\t\t\t\t<\/div>\n\t\t\t\t<div class=\"elementor-element elementor-element-b4c6aa7 elementor-widget elementor-widget-heading\" data-id=\"b4c6aa7\" data-element_type=\"widget\" data-widget_type=\"heading.default\">\n\t\t\t\t<div class=\"elementor-widget-container\">\n\t\t\t<h2 class=\"elementor-heading-title elementor-size-default\">CIDADANIA ITALIANA<\/h2>\t\t<\/div>\n\t\t\t\t<\/div>\n\t\t\t\t<div class=\"elementor-element elementor-element-5ec9a6d elementor-widget elementor-widget-heading\" data-id=\"5ec9a6d\" data-element_type=\"widget\" data-widget_type=\"heading.default\">\n\t\t\t\t<div class=\"elementor-widget-container\">\n\t\t\t<h2 class=\"elementor-heading-title elementor-size-default\">NATURALIZA\u00c7\u00c3O POR CASAMENTO<\/h2>\t\t<\/div>\n\t\t\t\t<\/div>\n\t\t\t\t<\/div>\n\t\t<div class=\"elementor-element elementor-element-c46fc85 e-con-full e-flex e-con e-child\" data-id=\"c46fc85\" data-element_type=\"container\">\n\t\t\t\t<div class=\"elementor-element elementor-element-ee4a78e elementor-widget elementor-widget-text-editor\" data-id=\"ee4a78e\" data-element_type=\"widget\" data-widget_type=\"text-editor.default\">\n\t\t\t\t<div class=\"elementor-widget-container\">\n\t\t\t\t\t\t\t<p><span style=\"text-decoration: underline;\"><strong>CIDADANIA AUTOM\u00c1TICA<\/strong><\/span><br \/>Para mulheres que tenham contra\u00eddo matrim\u00f4nio com italiano ou descendente de italianos antes de 27\/04\/1983.<\/p><p><span style=\"text-decoration: underline;\"><strong>NATURALIZA\u00c7\u00c3O POR CASAMENTO<\/strong><\/span><br \/>Tamb\u00e9m conhecida como <em>Cittadinanza per Matrimonio<\/em>. Para casamentos ocorridos ap\u00f3s 27\/04\/1983, mulheres que contra\u00edram casamento com cidad\u00e3o italiano ou descendente, podem solicitar naturaliza\u00e7\u00e3o pelo casamento. Homens casados com mulheres italianas ou descendentes podem, a qualquer tempo, solicitar naturaliza\u00e7\u00e3o por casamento.<\/p>\t\t\t\t\t\t<\/div>\n\t\t\t\t<\/div>\n\t\t\t\t<\/div>\n\t\t\t\t\t<\/div>\n\t\t\t\t<\/div>\n\t\t<div class=\"elementor-element elementor-element-413bedb e-flex e-con-boxed e-con e-parent\" data-id=\"413bedb\" data-element_type=\"container\">\n\t\t\t\t\t<div class=\"e-con-inner\">\n\t\t\t\t<div class=\"elementor-element elementor-element-a0af061 elementor-widget elementor-widget-elementskit-back-to-top\" data-id=\"a0af061\" data-element_type=\"widget\" data-widget_type=\"elementskit-back-to-top.default\">\n\t\t\t\t<div class=\"elementor-widget-container\">\n\t\t\t<div class=\"ekit-wid-con\" >\t\t\t<div class=\"ekit-back-to-top-container ekit-btt icon_only\" data-settings=\"{&quot;offset_top&quot;:0,&quot;show_after&quot;:null,&quot;show_scroll&quot;:&quot;&quot;,&quot;style&quot;:&quot;icon_only&quot;,&quot;foreground&quot;:null,&quot;background&quot;:null}\"> \n\t\t\t\t<span class=\"ekit-btt__button \">\n\t\t\t\t\t<i aria-hidden=\"true\" class=\"fas fa-arrow-up\"><\/i>\t\t\t\t<\/span>\n\t\t\t<\/div>\n\t\t<\/div>\t\t<\/div>\n\t\t\t\t<\/div>\n\t\t\t\t\t<\/div>\n\t\t\t\t<\/div>\n\t\t\t\t<\/div>\n\t\t","protected":false},"excerpt":{"rendered":"<p>MODALIDADES DE CIDADANIA ITALIANA CIDADANIA ITALIANA DESCEND\u00caNCIA DIRETA A Cidadania \u00e9 passada do ascendente italiano a seus descendentes, sem limite de gera\u00e7\u00f5es. O requerente tem que comprovar descend\u00eancia direta com italianos atrav\u00e9s da sua \u00e1rvore geneal\u00f3gica e certid\u00f5es. CIDADANIA ITALIANA PELO LADO MATERNO &#8211; 1948 NASCIDOS ANTES DE 1948No Brasil n\u00e3o h\u00e1 como obter a [&hellip;]<\/p>\n","protected":false},"author":1,"featured_media":0,"parent":0,"menu_order":0,"comment_status":"closed","ping_status":"closed","template":"elementor_header_footer","meta":{"_monsterinsights_skip_tracking":false,"_monsterinsights_sitenote_active":false,"_monsterinsights_sitenote_note":"","_monsterinsights_sitenote_category":0,"footnotes":""},"class_list":["post-1954","page","type-page","status-publish","hentry"],"aioseo_notices":[],"_links":{"self":[{"href":"https:\/\/bonottoconsultoria.com.br\/index.php\/wp-json\/wp\/v2\/pages\/1954","targetHints":{"allow":["GET"]}}],"collection":[{"href":"https:\/\/bonottoconsultoria.com.br\/index.php\/wp-json\/wp\/v2\/pages"}],"about":[{"href":"https:\/\/bonottoconsultoria.com.br\/index.php\/wp-json\/wp\/v2\/types\/page"}],"author":[{"embeddable":true,"href":"https:\/\/bonottoconsultoria.com.br\/index.php\/wp-json\/wp\/v2\/users\/1"}],"replies":[{"embeddable":true,"href":"https:\/\/bonottoconsultoria.com.br\/index.php\/wp-json\/wp\/v2\/comments?post=1954"}],"version-history":[{"count":374,"href":"https:\/\/bonottoconsultoria.com.br\/index.php\/wp-json\/wp\/v2\/pages\/1954\/revisions"}],"predecessor-version":[{"id":20684,"href":"https:\/\/bonottoconsultoria.com.br\/index.php\/wp-json\/wp\/v2\/pages\/1954\/revisions\/20684"}],"wp:attachment":[{"href":"https:\/\/bonottoconsultoria.com.br\/index.php\/wp-json\/wp\/v2\/media?parent=1954"}],"curies":[{"name":"wp","href":"https:\/\/api.w.org\/{rel}","templated":true}]}}